{"id":11558,"date":"2026-01-28T12:45:00","date_gmt":"2026-01-28T11:45:00","guid":{"rendered":"https:\/\/rossitzahantelmann.com\/?page_id=11558"},"modified":"2026-03-11T20:06:20","modified_gmt":"2026-03-11T19:06:20","slug":"christopher-jahr","status":"publish","type":"page","link":"https:\/\/rossitzahantelmann.com\/en\/christopher-jahr\/","title":{"rendered":"Christopher Jahr"},"content":{"rendered":"<div data-elementor-type=\"wp-page\" data-elementor-id=\"11558\" class=\"elementor elementor-11558\" data-elementor-post-type=\"page\">\n\t\t\t\t<div class=\"elementor-element elementor-element-15b6257 lp-first padlr padtbs e-flex e-con-boxed e-con e-parent\" data-id=\"15b6257\" data-element_type=\"container\" data-e-type=\"container\" data-settings=\"{&quot;background_background&quot;:&quot;classic&quot;}\">\n\t\t\t\t\t<div class=\"e-con-inner\">\n\t\t<div class=\"revealit elementor-element elementor-element-f5a6d68 e-con-full animated-fast revealit e-flex e-con e-child\" data-id=\"f5a6d68\" data-element_type=\"container\" data-e-type=\"container\" data-settings=\"{&quot;animation&quot;:&quot;none&quot;}\">\n\t\t\t\t<div class=\"head-m elementor-element elementor-element-20833f8 head-m elementor-widget__width-initial elementor-widget elementor-widget-heading\" data-id=\"20833f8\" data-element_type=\"widget\" data-e-type=\"widget\" data-widget_type=\"heading.default\">\n\t\t\t\t\t<h1 class=\"elementor-heading-title elementor-size-default\">CHRISTOPHER JAHR<\/h1>\t\t\t\t<\/div>\n\t\t\t\t<\/div>\n\t\t\t\t\t<\/div>\n\t\t\t\t<\/div>\n\t\t<div class=\"elementor-element elementor-element-420beb0 e-con-full bleed-left textbox-rl e-flex e-con e-parent\" data-id=\"420beb0\" data-element_type=\"container\" data-e-type=\"container\" data-settings=\"{&quot;background_background&quot;:&quot;classic&quot;}\">\n\t\t<div class=\"elementor-element elementor-element-bbd6938 e-con-full leftcontainer grain-bg-clean e-flex e-con e-child\" data-id=\"bbd6938\" data-element_type=\"container\" data-e-type=\"container\" data-settings=\"{&quot;background_background&quot;:&quot;classic&quot;}\">\n\t\t\t\t<\/div>\n\t\t<div class=\"elementor-element elementor-element-4467f39 e-con-full rightcontainer e-flex e-con e-child\" data-id=\"4467f39\" data-element_type=\"container\" data-e-type=\"container\">\n\t\t<div class=\"elementor-element elementor-element-222093d e-con-full revealit e-flex e-con e-child\" data-id=\"222093d\" data-element_type=\"container\" data-e-type=\"container\">\n\t\t\t\t<div class=\"elementor-element elementor-element-830f9f2 bodyfont elementor-widget elementor-widget-text-editor\" data-id=\"830f9f2\" data-element_type=\"widget\" data-e-type=\"widget\" data-widget_type=\"text-editor.default\">\n\t\t\t\t\t\t\t\t\t<p>Entrepreneurship and self-employment have fascinated me since childhood. I'm excited about bringing new ideas to market through creativity. I founded my first online shop at the age of 16. After finishing my Abitur, I studied e-commerce in Berlin to gain experience in online marketing and visual merchandising.<\/p><p><a href=\"https:\/\/www.media-university.de\/success-stories\/mit-digitalem-marketing-und-e-commerce-zum-co-founder-einer-immobilienfirma\/\" target=\"_blank\" rel=\"noopener\">Christopher Jahr Report Media University<\/a><\/p><p>I am interested in innovations, strategic action and future-oriented business models, as I can implement these in our company.<\/p><p>Swimming, sports and a healthy lifestyle are part of my daily routine. The logical and tactical thinking involved in playing chess provides a good balance to this.<\/p><p>As co-founder and authorised signatory of Rossitza Hantelmann Real Estate, a dream is coming true for me. In our family, trust is paramount. As a team, we complement and support each other with our different expertise. I am looking forward to representing our online activities and sales.<\/p>\t\t\t\t\t\t\t\t<\/div>\n\t\t\t\t<\/div>\n\t\t\t\t<\/div>\n\t\t\t\t<\/div>\n\t\t\t\t<\/div>","protected":false},"excerpt":{"rendered":"<p>CHRISTOPHER JAHR Unternehmertum und Selbst\u00e4ndigkeit haben mich schon als Kind fasziniert. Mich begeistert es, durch Kreativit\u00e4t neue Ideen auf den Markt zu bringen. Mit 16 Jahren habe ich meinen ersten Online-Shop gegr\u00fcndet. Nach dem Abitur habe ich in Berlin E-Commerce studiert, um in den Bereichen des Online-Marketings und Visual Merchandising Erfahrung zu sammeln. Christopher Jahr [&hellip;]<\/p>\n","protected":false},"author":5,"featured_media":0,"parent":0,"menu_order":0,"comment_status":"closed","ping_status":"closed","template":"","meta":{"_acf_changed":false,"footnotes":""},"immobilienarten":[],"class_list":["post-11558","page","type-page","status-publish","hentry"],"acf":[],"yoast_head":"<!-- This site is optimized with the Yoast SEO plugin v27.5 - https:\/\/yoast.com\/product\/yoast-seo-wordpress\/ -->\n<title>Christopher Jahr - Rossitza Hantelmann Real Estate<\/title>\n<meta name=\"description\" content=\"Christopher Jahr, erfolgreicher Unternehmer &amp; Luxusimmobilienmakler auf Mallorca und verkauft Luxusimmobilien, Villen und Fincas auf Mallorca.\" \/>\n<meta name=\"robots\" content=\"index, follow, max-snippet:-1, max-image-preview:large, max-video-preview:-1\" \/>\n<link rel=\"canonical\" href=\"https:\/\/rossitzahantelmann.com\/en\/christopher-jahr\/\" \/>\n<meta property=\"og:locale\" content=\"en_GB\" \/>\n<meta property=\"og:type\" content=\"article\" \/>\n<meta property=\"og:title\" content=\"Christopher Jahr - Rossitza Hantelmann Real Estate\" \/>\n<meta property=\"og:description\" content=\"Christopher Jahr, erfolgreicher Unternehmer &amp; Luxusimmobilienmakler auf Mallorca und verkauft Luxusimmobilien, Villen und Fincas auf Mallorca.\" \/>\n<meta property=\"og:url\" content=\"https:\/\/rossitzahantelmann.com\/en\/christopher-jahr\/\" \/>\n<meta property=\"og:site_name\" content=\"Rossitza Hantelmann\" \/>\n<meta property=\"article:modified_time\" content=\"2026-03-11T19:06:20+00:00\" \/>\n<meta name=\"twitter:card\" content=\"summary_large_image\" \/>\n<meta name=\"twitter:label1\" content=\"Estimated reading time\" \/>\n\t<meta name=\"twitter:data1\" content=\"1 minute\" \/>\n<script type=\"application\/ld+json\" class=\"yoast-schema-graph\">{\"@context\":\"https:\\\/\\\/schema.org\",\"@graph\":[{\"@type\":\"WebPage\",\"@id\":\"https:\\\/\\\/rossitzahantelmann.com\\\/christopher-jahr\\\/\",\"url\":\"https:\\\/\\\/rossitzahantelmann.com\\\/christopher-jahr\\\/\",\"name\":\"Christopher Jahr - Rossitza Hantelmann Real Estate\",\"isPartOf\":{\"@id\":\"https:\\\/\\\/rossitzahantelmann.com\\\/#website\"},\"datePublished\":\"2026-01-28T11:45:00+00:00\",\"dateModified\":\"2026-03-11T19:06:20+00:00\",\"description\":\"Christopher Jahr, erfolgreicher Unternehmer & Luxusimmobilienmakler auf Mallorca und verkauft Luxusimmobilien, Villen und Fincas auf Mallorca.\",\"breadcrumb\":{\"@id\":\"https:\\\/\\\/rossitzahantelmann.com\\\/christopher-jahr\\\/#breadcrumb\"},\"inLanguage\":\"en-GB\",\"potentialAction\":[{\"@type\":\"ReadAction\",\"target\":[\"https:\\\/\\\/rossitzahantelmann.com\\\/christopher-jahr\\\/\"]}]},{\"@type\":\"BreadcrumbList\",\"@id\":\"https:\\\/\\\/rossitzahantelmann.com\\\/christopher-jahr\\\/#breadcrumb\",\"itemListElement\":[{\"@type\":\"ListItem\",\"position\":1,\"name\":\"START\",\"item\":\"https:\\\/\\\/rossitzahantelmann.com\\\/\"},{\"@type\":\"ListItem\",\"position\":2,\"name\":\"Christopher Jahr\"}]},{\"@type\":\"WebSite\",\"@id\":\"https:\\\/\\\/rossitzahantelmann.com\\\/#website\",\"url\":\"https:\\\/\\\/rossitzahantelmann.com\\\/\",\"name\":\"Rossitza Hantelmann\",\"description\":\"Real Estate\",\"publisher\":{\"@id\":\"https:\\\/\\\/rossitzahantelmann.com\\\/#organization\"},\"potentialAction\":[{\"@type\":\"SearchAction\",\"target\":{\"@type\":\"EntryPoint\",\"urlTemplate\":\"https:\\\/\\\/rossitzahantelmann.com\\\/?s={search_term_string}\"},\"query-input\":{\"@type\":\"PropertyValueSpecification\",\"valueRequired\":true,\"valueName\":\"search_term_string\"}}],\"inLanguage\":\"en-GB\"},{\"@type\":\"Organization\",\"@id\":\"https:\\\/\\\/rossitzahantelmann.com\\\/#organization\",\"name\":\"Rossitza Hantelmann\",\"url\":\"https:\\\/\\\/rossitzahantelmann.com\\\/\",\"logo\":{\"@type\":\"ImageObject\",\"inLanguage\":\"en-GB\",\"@id\":\"https:\\\/\\\/rossitzahantelmann.com\\\/#\\\/schema\\\/logo\\\/image\\\/\",\"url\":\"\",\"contentUrl\":\"\",\"caption\":\"Rossitza Hantelmann\"},\"image\":{\"@id\":\"https:\\\/\\\/rossitzahantelmann.com\\\/#\\\/schema\\\/logo\\\/image\\\/\"}}]}<\/script>\n<!-- \/ Yoast SEO plugin. -->","yoast_head_json":{"title":"Christopher Jahr - Rossitza Hantelmann Real Estate","description":"Christopher Jahr, successful entrepreneur and luxury property agent in Mallorca, selling luxury properties, villas and fincas on Mallorca.","robots":{"index":"index","follow":"follow","max-snippet":"max-snippet:-1","max-image-preview":"max-image-preview:large","max-video-preview":"max-video-preview:-1"},"canonical":"https:\/\/rossitzahantelmann.com\/en\/christopher-jahr\/","og_locale":"en_GB","og_type":"article","og_title":"Christopher Jahr - Rossitza Hantelmann Real Estate","og_description":"Christopher Jahr, erfolgreicher Unternehmer & Luxusimmobilienmakler auf Mallorca und verkauft Luxusimmobilien, Villen und Fincas auf Mallorca.","og_url":"https:\/\/rossitzahantelmann.com\/en\/christopher-jahr\/","og_site_name":"Rossitza Hantelmann","article_modified_time":"2026-03-11T19:06:20+00:00","twitter_card":"summary_large_image","twitter_misc":{"Estimated reading time":"1 minute"},"schema":{"@context":"https:\/\/schema.org","@graph":[{"@type":"WebPage","@id":"https:\/\/rossitzahantelmann.com\/christopher-jahr\/","url":"https:\/\/rossitzahantelmann.com\/christopher-jahr\/","name":"Christopher Jahr - Rossitza Hantelmann Real Estate","isPartOf":{"@id":"https:\/\/rossitzahantelmann.com\/#website"},"datePublished":"2026-01-28T11:45:00+00:00","dateModified":"2026-03-11T19:06:20+00:00","description":"Christopher Jahr, successful entrepreneur and luxury property agent in Mallorca, selling luxury properties, villas and fincas on Mallorca.","breadcrumb":{"@id":"https:\/\/rossitzahantelmann.com\/christopher-jahr\/#breadcrumb"},"inLanguage":"en-GB","potentialAction":[{"@type":"ReadAction","target":["https:\/\/rossitzahantelmann.com\/christopher-jahr\/"]}]},{"@type":"BreadcrumbList","@id":"https:\/\/rossitzahantelmann.com\/christopher-jahr\/#breadcrumb","itemListElement":[{"@type":"ListItem","position":1,"name":"START","item":"https:\/\/rossitzahantelmann.com\/"},{"@type":"ListItem","position":2,"name":"Christopher Jahr"}]},{"@type":"WebSite","@id":"https:\/\/rossitzahantelmann.com\/#website","url":"https:\/\/rossitzahantelmann.com\/","name":"Rossitza Hantelmann","description":"Estate Agency","publisher":{"@id":"https:\/\/rossitzahantelmann.com\/#organization"},"potentialAction":[{"@type":"SearchAction","target":{"@type":"EntryPoint","urlTemplate":"https:\/\/rossitzahantelmann.com\/?s={search_term_string}"},"query-input":{"@type":"PropertyValueSpecification","valueRequired":true,"valueName":"search_term_string"}}],"inLanguage":"en-GB"},{"@type":"Organization","@id":"https:\/\/rossitzahantelmann.com\/#organization","name":"Rossitza Hantelmann","url":"https:\/\/rossitzahantelmann.com\/","logo":{"@type":"ImageObject","inLanguage":"en-GB","@id":"https:\/\/rossitzahantelmann.com\/#\/schema\/logo\/image\/","url":"","contentUrl":"","caption":"Rossitza Hantelmann"},"image":{"@id":"https:\/\/rossitzahantelmann.com\/#\/schema\/logo\/image\/"}}]}},"_links":{"self":[{"href":"https:\/\/rossitzahantelmann.com\/en\/wp-json\/wp\/v2\/pages\/11558","targetHints":{"allow":["GET"]}}],"collection":[{"href":"https:\/\/rossitzahantelmann.com\/en\/wp-json\/wp\/v2\/pages"}],"about":[{"href":"https:\/\/rossitzahantelmann.com\/en\/wp-json\/wp\/v2\/types\/page"}],"author":[{"embeddable":true,"href":"https:\/\/rossitzahantelmann.com\/en\/wp-json\/wp\/v2\/users\/5"}],"replies":[{"embeddable":true,"href":"https:\/\/rossitzahantelmann.com\/en\/wp-json\/wp\/v2\/comments?post=11558"}],"version-history":[{"count":11,"href":"https:\/\/rossitzahantelmann.com\/en\/wp-json\/wp\/v2\/pages\/11558\/revisions"}],"predecessor-version":[{"id":13514,"href":"https:\/\/rossitzahantelmann.com\/en\/wp-json\/wp\/v2\/pages\/11558\/revisions\/13514"}],"wp:attachment":[{"href":"https:\/\/rossitzahantelmann.com\/en\/wp-json\/wp\/v2\/media?parent=11558"}],"wp:term":[{"taxonomy":"immobilienarten","embeddable":true,"href":"https:\/\/rossitzahantelmann.com\/en\/wp-json\/wp\/v2\/immobilienarten?post=11558"}],"curies":[{"name":"wp","href":"https:\/\/api.w.org\/{rel}","templated":true}]}}