{"id":12341,"date":"2026-01-29T13:08:48","date_gmt":"2026-01-29T12:08:48","guid":{"rendered":"https:\/\/rossitzahantelmann.com\/?page_id=12341"},"modified":"2026-02-03T17:45:25","modified_gmt":"2026-02-03T16:45:25","slug":"thank-you","status":"publish","type":"page","link":"https:\/\/rossitzahantelmann.com\/en\/danke\/","title":{"rendered":"Thank you"},"content":{"rendered":"\t\t<div data-elementor-type=\"wp-page\" data-elementor-id=\"12341\" class=\"elementor elementor-12341\" data-elementor-post-type=\"page\">\n\t\t\t\t<div class=\"elementor-element elementor-element-6990a54 lp-first padlr padtbs e-flex e-con-boxed e-con e-parent\" data-id=\"6990a54\" data-element_type=\"container\" data-e-type=\"container\" data-settings=\"{&quot;background_background&quot;:&quot;classic&quot;}\">\n\t\t\t\t\t<div class=\"e-con-inner\">\n\t\t<div class=\"revealit elementor-element elementor-element-dd2ea7c e-con-full animated-fast revealit e-flex e-con e-child\" data-id=\"dd2ea7c\" data-element_type=\"container\" data-e-type=\"container\" data-settings=\"{&quot;animation&quot;:&quot;none&quot;}\">\n\t\t\t\t<div class=\"elementor-element elementor-element-25d1eeb elementor-align-center elementor-widget elementor-widget-lottie\" data-id=\"25d1eeb\" data-element_type=\"widget\" data-e-type=\"widget\" data-settings=\"{&quot;source_json&quot;:{&quot;url&quot;:&quot;https:\\\/\\\/rossitzahantelmann.com\\\/wp-content\\\/uploads\\\/check-rh.json&quot;,&quot;id&quot;:12344,&quot;size&quot;:&quot;&quot;,&quot;alt&quot;:&quot;&quot;,&quot;source&quot;:&quot;library&quot;},&quot;source&quot;:&quot;media_file&quot;,&quot;caption_source&quot;:&quot;none&quot;,&quot;link_to&quot;:&quot;none&quot;,&quot;trigger&quot;:&quot;arriving_to_viewport&quot;,&quot;viewport&quot;:{&quot;unit&quot;:&quot;%&quot;,&quot;size&quot;:&quot;&quot;,&quot;sizes&quot;:{&quot;start&quot;:0,&quot;end&quot;:100}},&quot;play_speed&quot;:{&quot;unit&quot;:&quot;px&quot;,&quot;size&quot;:1,&quot;sizes&quot;:[]},&quot;start_point&quot;:{&quot;unit&quot;:&quot;%&quot;,&quot;size&quot;:0,&quot;sizes&quot;:[]},&quot;end_point&quot;:{&quot;unit&quot;:&quot;%&quot;,&quot;size&quot;:100,&quot;sizes&quot;:[]},&quot;renderer&quot;:&quot;svg&quot;}\" data-widget_type=\"lottie.default\">\n\t\t\t\t\t<div class=\"e-lottie__container\"><div class=\"e-lottie__animation\"><\/div><\/div>\t\t\t\t<\/div>\n\t\t\t\t<div class=\"head-m elementor-element elementor-element-b8e6636 head-m elementor-widget__width-inherit elementor-widget elementor-widget-heading\" data-id=\"b8e6636\" data-element_type=\"widget\" data-e-type=\"widget\" data-widget_type=\"heading.default\">\n\t\t\t\t\t<h1 class=\"elementor-heading-title elementor-size-default\">Vielen Dank f\u00fcr IHRE Anfrage!<\/h1>\t\t\t\t<\/div>\n\t\t\t\t<\/div>\n\t\t\t\t\t<\/div>\n\t\t\t\t<\/div>\n\t\t<div class=\"padtbs elementor-element elementor-element-6560cb9 padlr padtbs e-flex e-con-boxed e-con e-parent\" data-id=\"6560cb9\" data-element_type=\"container\" data-e-type=\"container\" data-settings=\"{&quot;background_background&quot;:&quot;classic&quot;}\">\n\t\t\t\t\t<div class=\"e-con-inner\">\n\t\t<div class=\"elementor-element elementor-element-7e0ce9e e-con-full e-flex e-con e-child\" data-id=\"7e0ce9e\" data-element_type=\"container\" data-e-type=\"container\">\n\t\t\t\t<div class=\"elementor-element elementor-element-8e450aa elementor-widget elementor-widget-image\" data-id=\"8e450aa\" data-element_type=\"widget\" data-e-type=\"widget\" data-widget_type=\"image.default\">\n\t\t\t\t\t\t\t\t\t\t\t\t\t\t\t<img loading=\"lazy\" decoding=\"async\" width=\"800\" height=\"884\" src=\"https:\/\/rossitzahantelmann.com\/wp-content\/uploads\/1O1A2809-3-1-927x1024.webp\" class=\"attachment-large size-large wp-image-12298\" alt=\"\" srcset=\"https:\/\/rossitzahantelmann.com\/wp-content\/uploads\/1O1A2809-3-1-927x1024.webp 927w, https:\/\/rossitzahantelmann.com\/wp-content\/uploads\/1O1A2809-3-1-271x300.webp 271w, https:\/\/rossitzahantelmann.com\/wp-content\/uploads\/1O1A2809-3-1-768x849.webp 768w, https:\/\/rossitzahantelmann.com\/wp-content\/uploads\/1O1A2809-3-1.webp 1160w\" sizes=\"auto, (max-width: 800px) 100vw, 800px\" \/>\t\t\t\t\t\t\t\t\t\t\t\t\t\t\t<\/div>\n\t\t\t\t<div class=\"elementor-element elementor-element-254e807 bodyfont elementor-widget elementor-widget-text-editor\" data-id=\"254e807\" data-element_type=\"widget\" data-e-type=\"widget\" data-widget_type=\"text-editor.default\">\n\t\t\t\t\t\t\t\t\t<section class=\"l-section wpb_row height_large\"><div class=\"l-section-h i-cf\"><div class=\"g-cols vc_row via_flex valign_top type_default stacking_default\"><div class=\"vc_col-sm-12 wpb_column vc_column_container\"><div class=\"vc_column-inner\"><div class=\"wpb_wrapper\"><div class=\"wpb_text_column\"><div class=\"wpb_wrapper\"><p class=\"font-claude-response-body break-words whitespace-normal leading-[1.7]\">Wir freuen uns sehr \u00fcber Ihr Interesse an dieser exklusiven Immobilie. Ihre Anfrage ist bei uns eingegangen und wird mit h\u00f6chster Priorit\u00e4t bearbeitet.<\/p><p class=\"font-claude-response-body break-words whitespace-normal leading-[1.7]\"><strong>Unser Team wird sich umgehend pers\u00f6nlich bei Ihnen melden<\/strong>, um Ihre W\u00fcnsche zu besprechen und alle weiteren Schritte individuell mit Ihnen abzustimmen. Pers\u00f6nliche Betreuung und Diskretion stehen bei Rossitza Hantelmann Real Estate seit \u00fcber 20 Jahren im Mittelpunkt unserer Arbeit.<\/p><p class=\"font-claude-response-body break-words whitespace-normal leading-[1.7]\"><strong>In der Zwischenzeit laden wir Sie herzlich ein:<\/strong><\/p><p class=\"font-claude-response-body break-words whitespace-normal leading-[1.7]\">Entdecken Sie weitere handverlesene von modernen Villen mit Meerblick bis hin zu charaktervollen Fincas in den begehrtesten Lagen Mallorcas.<\/p><p class=\"font-claude-response-body break-words whitespace-normal leading-[1.7]\">Oder lassen Sie sich von unserem <b><a href=\"\/ratgeber\/\">Ratgeber<\/a> und <a href=\"\/magazin\/\">Magazin<\/a><\/b> inspirieren \u2013 mit wertvollen Einblicken rund um das Leben auf Mallorca, Immobilieninvestments und die sch\u00f6nsten Regionen der Insel.<\/p><p class=\"font-claude-response-body break-words whitespace-normal leading-[1.7]\">Wir freuen uns darauf, Sie auf dem Weg zu Ihrem neuen Zuhause zu begleiten.<\/p><\/div><\/div><\/div><\/div><\/div><\/div><\/div><\/section>\t\t\t\t\t\t\t\t<\/div>\n\t\t\t\t<div class=\"head-xl elementor-element elementor-element-d74abe1 elementor-widget__width-initial head-xl elementor-widget elementor-widget-heading\" data-id=\"d74abe1\" data-element_type=\"widget\" data-e-type=\"widget\" data-widget_type=\"heading.default\">\n\t\t\t\t\t<h2 class=\"elementor-heading-title elementor-size-default\">Rossitza Hantelmann<\/h2>\t\t\t\t<\/div>\n\t\t\t\t<div class=\"elementor-element elementor-element-ba7d126 bodyfont elementor-widget elementor-widget-text-editor\" data-id=\"ba7d126\" data-element_type=\"widget\" data-e-type=\"widget\" data-widget_type=\"text-editor.default\">\n\t\t\t\t\t\t\t\t\t<section class=\"l-section wpb_row height_large\"><div class=\"l-section-h i-cf\"><div class=\"g-cols vc_row via_flex valign_top type_default stacking_default\"><div class=\"vc_col-sm-12 wpb_column vc_column_container\"><div class=\"vc_column-inner\"><div class=\"wpb_wrapper\"><div class=\"wpb_text_column\"><div class=\"wpb_wrapper\"><p class=\"font-claude-response-body break-words whitespace-normal leading-[1.7]\"><em>Herzlichst,<\/em> <em>Ihr Team von Rossitza Hantelmann Real Estate<\/em><\/p><\/div><\/div><\/div><\/div><\/div><\/div><\/div><\/section>\t\t\t\t\t\t\t\t<\/div>\n\t\t\t\t<\/div>\n\t\t\t\t\t<\/div>\n\t\t\t\t<\/div>\n\t\t\t\t<\/div>\n\t\t","protected":false},"excerpt":{"rendered":"<p>Vielen Dank f\u00fcr IHRE Anfrage! Wir freuen uns sehr \u00fcber Ihr Interesse an dieser exklusiven Immobilie. Ihre Anfrage ist bei uns eingegangen und wird mit h\u00f6chster Priorit\u00e4t bearbeitet. Unser Team wird sich umgehend pers\u00f6nlich bei Ihnen melden, um Ihre W\u00fcnsche zu besprechen und alle weiteren Schritte individuell mit Ihnen abzustimmen. Pers\u00f6nliche Betreuung und Diskretion stehen [&hellip;]<\/p>\n","protected":false},"author":3,"featured_media":4772,"parent":0,"menu_order":0,"comment_status":"closed","ping_status":"closed","template":"","meta":{"_acf_changed":false,"footnotes":""},"immobilienarten":[],"class_list":["post-12341","page","type-page","status-publish","has-post-thumbnail","hentry"],"acf":[],"yoast_head":"<!-- This site is optimized with the Yoast SEO plugin v27.4 - https:\/\/yoast.com\/product\/yoast-seo-wordpress\/ -->\n<title>Danke - Rossitza Hantelmann<\/title>\n<meta name=\"description\" content=\"Datenschutz Rossitza Hantelmann\" \/>\n<meta name=\"robots\" content=\"noindex, nofollow\" \/>\n<meta property=\"og:locale\" content=\"en_GB\" \/>\n<meta property=\"og:type\" content=\"article\" \/>\n<meta property=\"og:title\" content=\"Danke - Rossitza Hantelmann\" \/>\n<meta property=\"og:description\" content=\"Datenschutz Rossitza Hantelmann\" \/>\n<meta property=\"og:url\" content=\"https:\/\/rossitzahantelmann.com\/en\/thank-you\/\" \/>\n<meta property=\"og:site_name\" content=\"Rossitza Hantelmann\" \/>\n<meta property=\"article:modified_time\" content=\"2026-02-03T16:45:25+00:00\" \/>\n<meta name=\"twitter:card\" content=\"summary_large_image\" \/>\n<meta name=\"twitter:label1\" content=\"Estimated reading time\" \/>\n\t<meta name=\"twitter:data1\" content=\"1 minute\" \/>\n<script type=\"application\/ld+json\" class=\"yoast-schema-graph\">{\"@context\":\"https:\\\/\\\/schema.org\",\"@graph\":[{\"@type\":\"WebPage\",\"@id\":\"https:\\\/\\\/rossitzahantelmann.com\\\/danke\\\/\",\"url\":\"https:\\\/\\\/rossitzahantelmann.com\\\/danke\\\/\",\"name\":\"Danke - Rossitza Hantelmann\",\"isPartOf\":{\"@id\":\"https:\\\/\\\/rossitzahantelmann.com\\\/#website\"},\"primaryImageOfPage\":{\"@id\":\"https:\\\/\\\/rossitzahantelmann.com\\\/danke\\\/#primaryimage\"},\"image\":{\"@id\":\"https:\\\/\\\/rossitzahantelmann.com\\\/danke\\\/#primaryimage\"},\"thumbnailUrl\":\"https:\\\/\\\/rossitzahantelmann.com\\\/wp-content\\\/uploads\\\/Screenshot-2023-04-10-at-21.42.59.avif\",\"datePublished\":\"2026-01-29T12:08:48+00:00\",\"dateModified\":\"2026-02-03T16:45:25+00:00\",\"description\":\"Datenschutz Rossitza Hantelmann\",\"breadcrumb\":{\"@id\":\"https:\\\/\\\/rossitzahantelmann.com\\\/danke\\\/#breadcrumb\"},\"inLanguage\":\"en-GB\",\"potentialAction\":[{\"@type\":\"ReadAction\",\"target\":[\"https:\\\/\\\/rossitzahantelmann.com\\\/danke\\\/\"]}]},{\"@type\":\"ImageObject\",\"inLanguage\":\"en-GB\",\"@id\":\"https:\\\/\\\/rossitzahantelmann.com\\\/danke\\\/#primaryimage\",\"url\":\"https:\\\/\\\/rossitzahantelmann.com\\\/wp-content\\\/uploads\\\/Screenshot-2023-04-10-at-21.42.59.avif\",\"contentUrl\":\"https:\\\/\\\/rossitzahantelmann.com\\\/wp-content\\\/uploads\\\/Screenshot-2023-04-10-at-21.42.59.avif\",\"width\":2550,\"height\":1428},{\"@type\":\"BreadcrumbList\",\"@id\":\"https:\\\/\\\/rossitzahantelmann.com\\\/danke\\\/#breadcrumb\",\"itemListElement\":[{\"@type\":\"ListItem\",\"position\":1,\"name\":\"START\",\"item\":\"https:\\\/\\\/rossitzahantelmann.com\\\/\"},{\"@type\":\"ListItem\",\"position\":2,\"name\":\"Danke\"}]},{\"@type\":\"WebSite\",\"@id\":\"https:\\\/\\\/rossitzahantelmann.com\\\/#website\",\"url\":\"https:\\\/\\\/rossitzahantelmann.com\\\/\",\"name\":\"Rossitza Hantelmann\",\"description\":\"Real Estate\",\"publisher\":{\"@id\":\"https:\\\/\\\/rossitzahantelmann.com\\\/#organization\"},\"potentialAction\":[{\"@type\":\"SearchAction\",\"target\":{\"@type\":\"EntryPoint\",\"urlTemplate\":\"https:\\\/\\\/rossitzahantelmann.com\\\/?s={search_term_string}\"},\"query-input\":{\"@type\":\"PropertyValueSpecification\",\"valueRequired\":true,\"valueName\":\"search_term_string\"}}],\"inLanguage\":\"en-GB\"},{\"@type\":\"Organization\",\"@id\":\"https:\\\/\\\/rossitzahantelmann.com\\\/#organization\",\"name\":\"Rossitza Hantelmann\",\"url\":\"https:\\\/\\\/rossitzahantelmann.com\\\/\",\"logo\":{\"@type\":\"ImageObject\",\"inLanguage\":\"en-GB\",\"@id\":\"https:\\\/\\\/rossitzahantelmann.com\\\/#\\\/schema\\\/logo\\\/image\\\/\",\"url\":\"\",\"contentUrl\":\"\",\"caption\":\"Rossitza Hantelmann\"},\"image\":{\"@id\":\"https:\\\/\\\/rossitzahantelmann.com\\\/#\\\/schema\\\/logo\\\/image\\\/\"}}]}<\/script>\n<!-- \/ Yoast SEO plugin. -->","yoast_head_json":{"title":"Thank you - Rossitza Hantelmann","description":"Data Protection Rossitza Hantelmann","robots":{"index":"noindex","follow":"nofollow"},"og_locale":"en_GB","og_type":"article","og_title":"Danke - Rossitza Hantelmann","og_description":"Datenschutz Rossitza Hantelmann","og_url":"https:\/\/rossitzahantelmann.com\/en\/thank-you\/","og_site_name":"Rossitza Hantelmann","article_modified_time":"2026-02-03T16:45:25+00:00","twitter_card":"summary_large_image","twitter_misc":{"Estimated reading time":"1 minute"},"schema":{"@context":"https:\/\/schema.org","@graph":[{"@type":"WebPage","@id":"https:\/\/rossitzahantelmann.com\/danke\/","url":"https:\/\/rossitzahantelmann.com\/danke\/","name":"Thank you - Rossitza Hantelmann","isPartOf":{"@id":"https:\/\/rossitzahantelmann.com\/#website"},"primaryImageOfPage":{"@id":"https:\/\/rossitzahantelmann.com\/danke\/#primaryimage"},"image":{"@id":"https:\/\/rossitzahantelmann.com\/danke\/#primaryimage"},"thumbnailUrl":"https:\/\/rossitzahantelmann.com\/wp-content\/uploads\/Screenshot-2023-04-10-at-21.42.59.avif","datePublished":"2026-01-29T12:08:48+00:00","dateModified":"2026-02-03T16:45:25+00:00","description":"Data Protection Rossitza Hantelmann","breadcrumb":{"@id":"https:\/\/rossitzahantelmann.com\/danke\/#breadcrumb"},"inLanguage":"en-GB","potentialAction":[{"@type":"ReadAction","target":["https:\/\/rossitzahantelmann.com\/danke\/"]}]},{"@type":"ImageObject","inLanguage":"en-GB","@id":"https:\/\/rossitzahantelmann.com\/danke\/#primaryimage","url":"https:\/\/rossitzahantelmann.com\/wp-content\/uploads\/Screenshot-2023-04-10-at-21.42.59.avif","contentUrl":"https:\/\/rossitzahantelmann.com\/wp-content\/uploads\/Screenshot-2023-04-10-at-21.42.59.avif","width":2550,"height":1428},{"@type":"BreadcrumbList","@id":"https:\/\/rossitzahantelmann.com\/danke\/#breadcrumb","itemListElement":[{"@type":"ListItem","position":1,"name":"START","item":"https:\/\/rossitzahantelmann.com\/"},{"@type":"ListItem","position":2,"name":"Danke"}]},{"@type":"WebSite","@id":"https:\/\/rossitzahantelmann.com\/#website","url":"https:\/\/rossitzahantelmann.com\/","name":"Rossitza Hantelmann","description":"Estate Agency","publisher":{"@id":"https:\/\/rossitzahantelmann.com\/#organization"},"potentialAction":[{"@type":"SearchAction","target":{"@type":"EntryPoint","urlTemplate":"https:\/\/rossitzahantelmann.com\/?s={search_term_string}"},"query-input":{"@type":"PropertyValueSpecification","valueRequired":true,"valueName":"search_term_string"}}],"inLanguage":"en-GB"},{"@type":"Organization","@id":"https:\/\/rossitzahantelmann.com\/#organization","name":"Rossitza Hantelmann","url":"https:\/\/rossitzahantelmann.com\/","logo":{"@type":"ImageObject","inLanguage":"en-GB","@id":"https:\/\/rossitzahantelmann.com\/#\/schema\/logo\/image\/","url":"","contentUrl":"","caption":"Rossitza Hantelmann"},"image":{"@id":"https:\/\/rossitzahantelmann.com\/#\/schema\/logo\/image\/"}}]}},"_links":{"self":[{"href":"https:\/\/rossitzahantelmann.com\/en\/wp-json\/wp\/v2\/pages\/12341","targetHints":{"allow":["GET"]}}],"collection":[{"href":"https:\/\/rossitzahantelmann.com\/en\/wp-json\/wp\/v2\/pages"}],"about":[{"href":"https:\/\/rossitzahantelmann.com\/en\/wp-json\/wp\/v2\/types\/page"}],"author":[{"embeddable":true,"href":"https:\/\/rossitzahantelmann.com\/en\/wp-json\/wp\/v2\/users\/3"}],"replies":[{"embeddable":true,"href":"https:\/\/rossitzahantelmann.com\/en\/wp-json\/wp\/v2\/comments?post=12341"}],"version-history":[{"count":13,"href":"https:\/\/rossitzahantelmann.com\/en\/wp-json\/wp\/v2\/pages\/12341\/revisions"}],"predecessor-version":[{"id":12805,"href":"https:\/\/rossitzahantelmann.com\/en\/wp-json\/wp\/v2\/pages\/12341\/revisions\/12805"}],"wp:featuredmedia":[{"embeddable":true,"href":"https:\/\/rossitzahantelmann.com\/en\/wp-json\/wp\/v2\/media\/4772"}],"wp:attachment":[{"href":"https:\/\/rossitzahantelmann.com\/en\/wp-json\/wp\/v2\/media?parent=12341"}],"wp:term":[{"taxonomy":"immobilienarten","embeddable":true,"href":"https:\/\/rossitzahantelmann.com\/en\/wp-json\/wp\/v2\/immobilienarten?post=12341"}],"curies":[{"name":"wp","href":"https:\/\/api.w.org\/{rel}","templated":true}]}}