{"id":8880,"date":"2026-01-23T11:06:48","date_gmt":"2026-01-23T10:06:48","guid":{"rendered":"https:\/\/rossitzahantelmann.com\/?page_id=8880"},"modified":"2026-02-18T08:54:36","modified_gmt":"2026-02-18T07:54:36","slug":"legal-notice","status":"publish","type":"page","link":"https:\/\/rossitzahantelmann.com\/en\/impressum\/","title":{"rendered":"Legal Notice"},"content":{"rendered":"<div data-elementor-type=\"wp-page\" data-elementor-id=\"8880\" class=\"elementor elementor-8880\" data-elementor-post-type=\"page\">\n\t\t\t\t<div class=\"elementor-element elementor-element-6990a54 lp-first padlr padtbs e-flex e-con-boxed e-con e-parent\" data-id=\"6990a54\" data-element_type=\"container\" data-e-type=\"container\" data-settings=\"{&quot;background_background&quot;:&quot;classic&quot;}\">\n\t\t\t\t\t<div class=\"e-con-inner\">\n\t\t<div class=\"revealit elementor-element elementor-element-dd2ea7c e-con-full animated-fast revealit e-flex e-con e-child\" data-id=\"dd2ea7c\" data-element_type=\"container\" data-e-type=\"container\" data-settings=\"{&quot;animation&quot;:&quot;none&quot;}\">\n\t\t\t\t<div class=\"head-m elementor-element elementor-element-b8e6636 head-m elementor-widget__width-inherit elementor-widget elementor-widget-heading\" data-id=\"b8e6636\" data-element_type=\"widget\" data-e-type=\"widget\" data-widget_type=\"heading.default\">\n\t\t\t\t\t<h1 class=\"elementor-heading-title elementor-size-default\">Legal Notice<\/h1>\t\t\t\t<\/div>\n\t\t\t\t<\/div>\n\t\t\t\t\t<\/div>\n\t\t\t\t<\/div>\n\t\t<div class=\"padtbs elementor-element elementor-element-6560cb9 padlr padtbs e-flex e-con-boxed e-con e-parent\" data-id=\"6560cb9\" data-element_type=\"container\" data-e-type=\"container\" data-settings=\"{&quot;background_background&quot;:&quot;classic&quot;}\">\n\t\t\t\t\t<div class=\"e-con-inner\">\n\t\t<div class=\"elementor-element elementor-element-7e0ce9e e-con-full e-flex e-con e-child\" data-id=\"7e0ce9e\" data-element_type=\"container\" data-e-type=\"container\">\n\t\t\t\t<div class=\"elementor-element elementor-element-254e807 bodyfont elementor-widget elementor-widget-text-editor\" data-id=\"254e807\" data-element_type=\"widget\" data-e-type=\"widget\" data-widget_type=\"text-editor.default\">\n\t\t\t\t\t\t\t\t\t<section><div><div><div><div><div><div><div><p><strong>Rossitza Hantelmann Real Estate S.L.U.<\/strong><br \/>Founder and Managing Director<\/p><p>Rossitza Hantelmann<\/p><p>Pla\u00e7a Espa\u00f1a 11,<br \/>07002 Palma<\/p><p>Balearic Islands<\/p><p>Tel. +34 6514 80 800<br \/>Email:\u00a0<a href=\"mailto:info@rossitzahantelmann.com\">info@rossitzahantelmann.com<\/a><\/p><p>VAT ID ES - N.I.F. B72745920<br \/>Palma de Mallorca Tax Office<\/p><p><strong>Intellectual Property Rights<\/strong><\/p><p>All content of the website (including but not limited to trademarks, company names, images, logos, and the general design of the website and its content) is subject to the intellectual or industrial property of Mallorca Rossitza Hantelmann Estate S.L.U. or third parties and is protected by copyright. Access to the Rossitza Hantelmann Real Estate S.L.U. website alone does not in any way mean that Rossitza Hantelmann Real Estate S.L.U. grants rights, authorisation or licences for this content, waives, transfers or abandons these contents (including, among others, reproduction, distribution and public communication rights) in whole or in part.<\/p><p>Any reproduction of data and information, particularly the use of texts, images, videos and software applications, even in part, is prohibited and requires the prior written consent of Rossitza Hantelmann Real Estate S.L.U.<\/p><p><strong>Exclusion and Limitation of Liability<\/strong><\/p><p>All the different types of content on the website, which are accessible to the general public, provide access to information, products and services provided or offered by Rossitza Hantelmann Real Estate S.L.U. This content is provided by Rossitza Hantelmann Real Estate S.L.U. in good faith with information that occasionally originates from external sources. For this reason, Rossitza Hantelmann Real Estate S.L.U. cannot guarantee the reliability, accuracy, completeness and up-to-dateness of the content. Therefore, Rossitza Hantelmann Real Estate S.L.U. assumes no liability for damages and excludes any liability for damages directly or indirectly caused by the information accessed via the website.\u00a0<span style=\"font-size: 15px; letter-spacing: 0px;\">Rossitza Hantelmann<\/span><span style=\"font-size: 15px; letter-spacing: 0px;\">\u00a0Real Estate S.L.U. still does not provide any guarantee regarding the suitability of the content on the website for private use when accessing the website. Consequently, access to the website and the use of information and content contained on the website are the sole responsibility of the person undertaking them, and Rossitza Hantelmann Real Estate S.L.U. shall not, under any circumstances, be liable for any damages that may arise from the use of the information and content accessible on the website.\u00a0<\/span>Rossitza Hantelmann<span style=\"font-size: 15px; letter-spacing: 0px;\">\u00a0Real Estate S.L.U. shall not in any event be liable for products or services provided or offered by other persons or organisations, or for any content, information, communications or statements of any kind originating from or expressed by third parties which can be accessed via the website.\u00a0<\/span><span style=\"font-size: 15px; letter-spacing: 0px;\">Rossitza Hantelmann<\/span><span style=\"font-size: 15px; letter-spacing: 0px;\">\u00a0Real Estate S.L.U. is not liable for the factual accuracy or for information and content on internet pages that are linked from the pages of\u00a0<\/span>Rossitza Hantelmann<span style=\"font-size: 15px; letter-spacing: 0px;\">\u00a0Real Estate S.L.U.<\/span><\/p><p><strong>Jurisdiction and applicable law.<\/strong><\/p><p>The conditions of use are governed by Spanish law. The services offered on the website are also subject to Spanish law.<\/p><p><span style=\"font-size: 15px; letter-spacing: 0px;\">Rossitza Hantelmann<\/span>\u00a0Real Estate S.L.U. has no control over who or what accesses its website and where they may be located. Despite this fact, in the event of a dispute or claim relating to the website or any of the services offered on the website, the parties agree to the exclusive jurisdiction of the city of Palma de Mallorca (Spain).<\/p><p><strong>Image credit:<\/strong><\/p><div data-testid=\"asset-contributor\">istockphoto.com<br \/><a href=\"https:\/\/www.istockphoto.com\/de\/portfolio\/Winters?mediatype=photography\" data-testid=\"photographer\">Image credit: Alex<\/a><\/div><div data-testid=\"asset-id\">Stock Photo ID:913280838<\/div><div data-testid=\"asset-id\">\u00a0<\/div><div data-testid=\"asset-id\">Image licences: Images from the image agencies www.istockphoto.com\/de are used on this website. The corresponding licences are available on request. All images used are subject to the legal licence terms and conditions of the respective photo database providers.<\/div><div data-testid=\"asset-id\"><p>istockphoto.com<\/p><div data-testid=\"asset-contributor\"><a href=\"https:\/\/www.istockphoto.com\/de\/portfolio\/mvaligursky?mediatype=photography\" data-testid=\"photographer\">Image credit: mvaligursky<\/a><\/div><div data-testid=\"asset-id\">Stock Photography ID:1279492713<\/div><\/div><\/div><\/div><\/div><\/div><\/div><\/div><\/div><\/section><section><div><div><div><div><div><div><div><p>View complaint form here:<\/p><p><a href=\"https:\/\/rossitzahantelmann.com\/wp-content\/uploads\/2024\/05\/Hoja-reclamaciones-autorrellenable-octubre23.pdf\" target=\"_blank\" rel=\"noopener\">Self-filling complaint form - October 23<\/a><\/p><\/div><\/div><\/div><\/div><\/div><\/div><\/div><\/section>\t\t\t\t\t\t\t\t<\/div>\n\t\t\t\t<\/div>\n\t\t\t\t\t<\/div>\n\t\t\t\t<\/div>\n\t\t\t\t<\/div>","protected":false},"excerpt":{"rendered":"<p>Impressum Rossitza Hantelmann Real Estate S.L.U.Gr\u00fcnderin und Gesch\u00e4ftsf\u00fchrerin: Rossitza Hantelmann Pla\u00e7a Espa\u00f1a 11,07002 Palma Isles Baleares Tel. +34 6514 80 800Email:\u00a0info@rossitzahantelmann.com USt-Nr. ES \u2013 N.I.F. B72745920Finanzamt Palma de Mallorca Rechte an geistigem und gewerblichem Eigentum S\u00e4mtliche Inhalte der Website (einschlie\u00dflich, aber nicht beschr\u00e4nkt auf Marken, Firmennamen, Bilder, Logos und die allgemeine Darstellung der Website und [&hellip;]<\/p>\n","protected":false},"author":3,"featured_media":4940,"parent":0,"menu_order":0,"comment_status":"closed","ping_status":"closed","template":"","meta":{"_acf_changed":false,"footnotes":""},"immobilienarten":[],"class_list":["post-8880","page","type-page","status-publish","has-post-thumbnail","hentry"],"acf":[],"yoast_head":"<!-- This site is optimized with the Yoast SEO plugin v27.4 - https:\/\/yoast.com\/product\/yoast-seo-wordpress\/ -->\n<title>Impressum - Rossitza Hantelmann<\/title>\n<meta name=\"robots\" content=\"index, follow, max-snippet:-1, max-image-preview:large, max-video-preview:-1\" \/>\n<link rel=\"canonical\" href=\"https:\/\/rossitzahantelmann.com\/en\/legal-notice\/\" \/>\n<meta property=\"og:locale\" content=\"en_GB\" \/>\n<meta property=\"og:type\" content=\"article\" \/>\n<meta property=\"og:title\" content=\"Impressum - Rossitza Hantelmann\" \/>\n<meta property=\"og:description\" content=\"Impressum Rossitza Hantelmann Real Estate S.L.U.Gr\u00fcnderin und Gesch\u00e4ftsf\u00fchrerin: Rossitza Hantelmann Pla\u00e7a Espa\u00f1a 11,07002 Palma Isles Baleares Tel. +34 6514 80 800Email:\u00a0info@rossitzahantelmann.com USt-Nr. ES \u2013 N.I.F. B72745920Finanzamt Palma de Mallorca Rechte an geistigem und gewerblichem Eigentum S\u00e4mtliche Inhalte der Website (einschlie\u00dflich, aber nicht beschr\u00e4nkt auf Marken, Firmennamen, Bilder, Logos und die allgemeine Darstellung der Website und [&hellip;]\" \/>\n<meta property=\"og:url\" content=\"https:\/\/rossitzahantelmann.com\/en\/legal-notice\/\" \/>\n<meta property=\"og:site_name\" content=\"Rossitza Hantelmann\" \/>\n<meta property=\"article:modified_time\" content=\"2026-02-18T07:54:36+00:00\" \/>\n<meta name=\"twitter:card\" content=\"summary_large_image\" \/>\n<meta name=\"twitter:label1\" content=\"Est. reading time\" \/>\n\t<meta name=\"twitter:data1\" content=\"4 minutes\" \/>\n<script type=\"application\/ld+json\" class=\"yoast-schema-graph\">{\"@context\":\"https:\\\/\\\/schema.org\",\"@graph\":[{\"@type\":\"WebPage\",\"@id\":\"https:\\\/\\\/rossitzahantelmann.com\\\/impressum\\\/\",\"url\":\"https:\\\/\\\/rossitzahantelmann.com\\\/impressum\\\/\",\"name\":\"Impressum - Rossitza Hantelmann\",\"isPartOf\":{\"@id\":\"https:\\\/\\\/rossitzahantelmann.com\\\/#website\"},\"primaryImageOfPage\":{\"@id\":\"https:\\\/\\\/rossitzahantelmann.com\\\/impressum\\\/#primaryimage\"},\"image\":{\"@id\":\"https:\\\/\\\/rossitzahantelmann.com\\\/impressum\\\/#primaryimage\"},\"thumbnailUrl\":\"https:\\\/\\\/rossitzahantelmann.com\\\/wp-content\\\/uploads\\\/Bildschirmfoto-2025-03-22-um-16.18.11.avif\",\"datePublished\":\"2026-01-23T10:06:48+00:00\",\"dateModified\":\"2026-02-18T07:54:36+00:00\",\"breadcrumb\":{\"@id\":\"https:\\\/\\\/rossitzahantelmann.com\\\/impressum\\\/#breadcrumb\"},\"inLanguage\":\"en-GB\",\"potentialAction\":[{\"@type\":\"ReadAction\",\"target\":[\"https:\\\/\\\/rossitzahantelmann.com\\\/impressum\\\/\"]}]},{\"@type\":\"ImageObject\",\"inLanguage\":\"en-GB\",\"@id\":\"https:\\\/\\\/rossitzahantelmann.com\\\/impressum\\\/#primaryimage\",\"url\":\"https:\\\/\\\/rossitzahantelmann.com\\\/wp-content\\\/uploads\\\/Bildschirmfoto-2025-03-22-um-16.18.11.avif\",\"contentUrl\":\"https:\\\/\\\/rossitzahantelmann.com\\\/wp-content\\\/uploads\\\/Bildschirmfoto-2025-03-22-um-16.18.11.avif\",\"width\":1962,\"height\":1462},{\"@type\":\"BreadcrumbList\",\"@id\":\"https:\\\/\\\/rossitzahantelmann.com\\\/impressum\\\/#breadcrumb\",\"itemListElement\":[{\"@type\":\"ListItem\",\"position\":1,\"name\":\"START\",\"item\":\"https:\\\/\\\/rossitzahantelmann.com\\\/\"},{\"@type\":\"ListItem\",\"position\":2,\"name\":\"Impressum\"}]},{\"@type\":\"WebSite\",\"@id\":\"https:\\\/\\\/rossitzahantelmann.com\\\/#website\",\"url\":\"https:\\\/\\\/rossitzahantelmann.com\\\/\",\"name\":\"Rossitza Hantelmann\",\"description\":\"Real Estate\",\"publisher\":{\"@id\":\"https:\\\/\\\/rossitzahantelmann.com\\\/#organization\"},\"potentialAction\":[{\"@type\":\"SearchAction\",\"target\":{\"@type\":\"EntryPoint\",\"urlTemplate\":\"https:\\\/\\\/rossitzahantelmann.com\\\/?s={search_term_string}\"},\"query-input\":{\"@type\":\"PropertyValueSpecification\",\"valueRequired\":true,\"valueName\":\"search_term_string\"}}],\"inLanguage\":\"en-GB\"},{\"@type\":\"Organization\",\"@id\":\"https:\\\/\\\/rossitzahantelmann.com\\\/#organization\",\"name\":\"Rossitza Hantelmann\",\"url\":\"https:\\\/\\\/rossitzahantelmann.com\\\/\",\"logo\":{\"@type\":\"ImageObject\",\"inLanguage\":\"en-GB\",\"@id\":\"https:\\\/\\\/rossitzahantelmann.com\\\/#\\\/schema\\\/logo\\\/image\\\/\",\"url\":\"\",\"contentUrl\":\"\",\"caption\":\"Rossitza Hantelmann\"},\"image\":{\"@id\":\"https:\\\/\\\/rossitzahantelmann.com\\\/#\\\/schema\\\/logo\\\/image\\\/\"}}]}<\/script>\n<!-- \/ Yoast SEO plugin. -->","yoast_head_json":{"title":"Impressum - Rossitza Hantelmann","robots":{"index":"index","follow":"follow","max-snippet":"max-snippet:-1","max-image-preview":"max-image-preview:large","max-video-preview":"max-video-preview:-1"},"canonical":"https:\/\/rossitzahantelmann.com\/en\/legal-notice\/","og_locale":"en_GB","og_type":"article","og_title":"Impressum - Rossitza Hantelmann","og_description":"Impressum Rossitza Hantelmann Real Estate S.L.U.Gr\u00fcnderin und Gesch\u00e4ftsf\u00fchrerin: Rossitza Hantelmann Pla\u00e7a Espa\u00f1a 11,07002 Palma Isles Baleares Tel. +34 6514 80 800Email:\u00a0info@rossitzahantelmann.com USt-Nr. ES \u2013 N.I.F. B72745920Finanzamt Palma de Mallorca Rechte an geistigem und gewerblichem Eigentum S\u00e4mtliche Inhalte der Website (einschlie\u00dflich, aber nicht beschr\u00e4nkt auf Marken, Firmennamen, Bilder, Logos und die allgemeine Darstellung der Website und [&hellip;]","og_url":"https:\/\/rossitzahantelmann.com\/en\/legal-notice\/","og_site_name":"Rossitza Hantelmann","article_modified_time":"2026-02-18T07:54:36+00:00","twitter_card":"summary_large_image","twitter_misc":{"Est. reading time":"4 minutes"},"schema":{"@context":"https:\/\/schema.org","@graph":[{"@type":"WebPage","@id":"https:\/\/rossitzahantelmann.com\/impressum\/","url":"https:\/\/rossitzahantelmann.com\/impressum\/","name":"Impressum - Rossitza Hantelmann","isPartOf":{"@id":"https:\/\/rossitzahantelmann.com\/#website"},"primaryImageOfPage":{"@id":"https:\/\/rossitzahantelmann.com\/impressum\/#primaryimage"},"image":{"@id":"https:\/\/rossitzahantelmann.com\/impressum\/#primaryimage"},"thumbnailUrl":"https:\/\/rossitzahantelmann.com\/wp-content\/uploads\/Bildschirmfoto-2025-03-22-um-16.18.11.avif","datePublished":"2026-01-23T10:06:48+00:00","dateModified":"2026-02-18T07:54:36+00:00","breadcrumb":{"@id":"https:\/\/rossitzahantelmann.com\/impressum\/#breadcrumb"},"inLanguage":"en-GB","potentialAction":[{"@type":"ReadAction","target":["https:\/\/rossitzahantelmann.com\/impressum\/"]}]},{"@type":"ImageObject","inLanguage":"en-GB","@id":"https:\/\/rossitzahantelmann.com\/impressum\/#primaryimage","url":"https:\/\/rossitzahantelmann.com\/wp-content\/uploads\/Bildschirmfoto-2025-03-22-um-16.18.11.avif","contentUrl":"https:\/\/rossitzahantelmann.com\/wp-content\/uploads\/Bildschirmfoto-2025-03-22-um-16.18.11.avif","width":1962,"height":1462},{"@type":"BreadcrumbList","@id":"https:\/\/rossitzahantelmann.com\/impressum\/#breadcrumb","itemListElement":[{"@type":"ListItem","position":1,"name":"START","item":"https:\/\/rossitzahantelmann.com\/"},{"@type":"ListItem","position":2,"name":"Impressum"}]},{"@type":"WebSite","@id":"https:\/\/rossitzahantelmann.com\/#website","url":"https:\/\/rossitzahantelmann.com\/","name":"Rossitza Hantelmann","description":"Estate Agency","publisher":{"@id":"https:\/\/rossitzahantelmann.com\/#organization"},"potentialAction":[{"@type":"SearchAction","target":{"@type":"EntryPoint","urlTemplate":"https:\/\/rossitzahantelmann.com\/?s={search_term_string}"},"query-input":{"@type":"PropertyValueSpecification","valueRequired":true,"valueName":"search_term_string"}}],"inLanguage":"en-GB"},{"@type":"Organization","@id":"https:\/\/rossitzahantelmann.com\/#organization","name":"Rossitza Hantelmann","url":"https:\/\/rossitzahantelmann.com\/","logo":{"@type":"ImageObject","inLanguage":"en-GB","@id":"https:\/\/rossitzahantelmann.com\/#\/schema\/logo\/image\/","url":"","contentUrl":"","caption":"Rossitza Hantelmann"},"image":{"@id":"https:\/\/rossitzahantelmann.com\/#\/schema\/logo\/image\/"}}]}},"_links":{"self":[{"href":"https:\/\/rossitzahantelmann.com\/en\/wp-json\/wp\/v2\/pages\/8880","targetHints":{"allow":["GET"]}}],"collection":[{"href":"https:\/\/rossitzahantelmann.com\/en\/wp-json\/wp\/v2\/pages"}],"about":[{"href":"https:\/\/rossitzahantelmann.com\/en\/wp-json\/wp\/v2\/types\/page"}],"author":[{"embeddable":true,"href":"https:\/\/rossitzahantelmann.com\/en\/wp-json\/wp\/v2\/users\/3"}],"replies":[{"embeddable":true,"href":"https:\/\/rossitzahantelmann.com\/en\/wp-json\/wp\/v2\/comments?post=8880"}],"version-history":[{"count":16,"href":"https:\/\/rossitzahantelmann.com\/en\/wp-json\/wp\/v2\/pages\/8880\/revisions"}],"predecessor-version":[{"id":13169,"href":"https:\/\/rossitzahantelmann.com\/en\/wp-json\/wp\/v2\/pages\/8880\/revisions\/13169"}],"wp:featuredmedia":[{"embeddable":true,"href":"https:\/\/rossitzahantelmann.com\/en\/wp-json\/wp\/v2\/media\/4940"}],"wp:attachment":[{"href":"https:\/\/rossitzahantelmann.com\/en\/wp-json\/wp\/v2\/media?parent=8880"}],"wp:term":[{"taxonomy":"immobilienarten","embeddable":true,"href":"https:\/\/rossitzahantelmann.com\/en\/wp-json\/wp\/v2\/immobilienarten?post=8880"}],"curies":[{"name":"wp","href":"https:\/\/api.w.org\/{rel}","templated":true}]}}