{"id":11559,"date":"2026-01-28T12:45:37","date_gmt":"2026-01-28T11:45:37","guid":{"rendered":"https:\/\/rossitzahantelmann.com\/?page_id=11559"},"modified":"2026-01-28T13:20:06","modified_gmt":"2026-01-28T12:20:06","slug":"rossitza-hantelmann","status":"publish","type":"page","link":"https:\/\/rossitzahantelmann.com\/es\/rossitza-hantelmann\/","title":{"rendered":"Rossitza Hantelmann"},"content":{"rendered":"<div data-elementor-type=\"wp-page\" data-elementor-id=\"11559\" class=\"elementor elementor-11559\" data-elementor-post-type=\"page\">\n\t\t\t\t<div class=\"elementor-element elementor-element-3bfb236 lp-first padlr padtbs e-flex e-con-boxed e-con e-parent\" data-id=\"3bfb236\" data-element_type=\"container\" data-e-type=\"container\" data-settings=\"{&quot;background_background&quot;:&quot;classic&quot;}\">\n\t\t\t\t\t<div class=\"e-con-inner\">\n\t\t<div class=\"revealit elementor-element elementor-element-852d9c7 e-con-full animated-fast revealit e-flex e-con e-child\" data-id=\"852d9c7\" data-element_type=\"container\" data-e-type=\"container\" data-settings=\"{&quot;animation&quot;:&quot;none&quot;}\">\n\t\t\t\t<div class=\"head-m elementor-element elementor-element-d66d16d head-m elementor-widget__width-initial elementor-widget elementor-widget-heading\" data-id=\"d66d16d\" data-element_type=\"widget\" data-e-type=\"widget\" data-widget_type=\"heading.default\">\n\t\t\t\t\t<h1 class=\"elementor-heading-title elementor-size-default\">ROSSITZA HANTELMAN<\/h1>\t\t\t\t<\/div>\n\t\t\t\t<\/div>\n\t\t\t\t\t<\/div>\n\t\t\t\t<\/div>\n\t\t<div class=\"elementor-element elementor-element-eefb9a9 e-con-full bleed-right textbox-lr e-flex e-con e-parent\" data-id=\"eefb9a9\" data-element_type=\"container\" data-e-type=\"container\" data-settings=\"{&quot;background_background&quot;:&quot;classic&quot;}\">\n\t\t<div class=\"elementor-element elementor-element-2c8e3d1 e-con-full leftcontainer e-flex e-con e-child\" data-id=\"2c8e3d1\" data-element_type=\"container\" data-e-type=\"container\">\n\t\t<div class=\"elementor-element elementor-element-a75c02f e-con-full revealit e-flex e-con e-child\" data-id=\"a75c02f\" data-element_type=\"container\" data-e-type=\"container\">\n\t\t\t\t<div class=\"elementor-element elementor-element-c5cc68d bodyfont elementor-widget elementor-widget-text-editor\" data-id=\"c5cc68d\" data-element_type=\"widget\" data-e-type=\"widget\" data-widget_type=\"text-editor.default\">\n\t\t\t\t\t\t\t\t\t<p data-start=\"146\" data-end=\"375\">Rossitza Hantelmann es una experta experimentada en el sector de bienes ra\u00edces de lujo con m\u00e1s de 25 a\u00f1os de experiencia. Desde 2019 vive en Mallorca, donde combina su pasi\u00f3n por las propiedades exclusivas con su amplio conocimiento del sector.<\/p><p data-start=\"377\" data-end=\"633\">Con una formaci\u00f3n acad\u00e9mica en administraci\u00f3n de empresas y derecho, Rossitza Hantelmann ha creado una base s\u00f3lida para su trabajo. Esta s\u00f3lida formaci\u00f3n le permite asesorar a sus clientes de manera competente y profesional.<\/p><p data-start=\"635\" data-end=\"893\">En los \u00faltimos a\u00f1os, Rossitza Hantelmann ha construido un impresionante portafolio de m\u00e1s de 350 propiedades exclusivas. Esta selecci\u00f3n incluye lujosas villas, fincas y casas, cuidadosamente seleccionadas para satisfacer las m\u00e1s altas exigencias.<\/p><p data-start=\"895\" data-end=\"1234\">Gracias a sus excelentes contactos con notarios, abogados y asesores fiscales en la isla, est\u00e1 muy bien conectada y puede ofrecer a sus clientes un servicio integral. Su profesionalidad y su capacidad para adaptarse a las necesidades individuales de sus clientes la convierten en una socia de confianza en el negocio inmobiliario.<\/p><p data-start=\"1236\" data-end=\"1440\">Con un profundo conocimiento de la isla y un agudo sentido de la calidad, Rossitza Hantelmann es la persona ideal para quienes desean adquirir una propiedad exclusiva en Mallorca.<\/p>\t\t\t\t\t\t\t\t<\/div>\n\t\t\t\t<\/div>\n\t\t\t\t<\/div>\n\t\t<div class=\"elementor-element elementor-element-6e2751f e-con-full rightcontainer grain-bg-clean e-flex e-con e-child\" data-id=\"6e2751f\" data-element_type=\"container\" data-e-type=\"container\" data-settings=\"{&quot;background_background&quot;:&quot;classic&quot;}\">\n\t\t\t\t<\/div>\n\t\t\t\t<\/div>\n\t\t\t\t<\/div>","protected":false},"excerpt":{"rendered":"<p>ROSSITZA HANTELMAN Rossitza Hantelmann ist eine erfahrene Expertin im Bereich Luxusimmobilien mit \u00fcber 25 Jahren Erfahrung. Seit 2019 lebt sie auf Mallorca, wo sie ihre Leidenschaft f\u00fcr exklusive Immobilien mit ihrer umfassenden Fachkenntnis vereint. Mit einem akademischen Hintergrund in Betriebswirtschaft und Rechtswissenschaften hat sich Rossitza Hantelmann eine solide Grundlage f\u00fcr ihre Arbeit geschaffen. Diese fundierte [&hellip;]<\/p>\n","protected":false},"author":5,"featured_media":11696,"parent":0,"menu_order":0,"comment_status":"closed","ping_status":"closed","template":"","meta":{"_acf_changed":false,"footnotes":""},"immobilienarten":[],"class_list":["post-11559","page","type-page","status-publish","has-post-thumbnail","hentry"],"acf":[],"yoast_head":"<!-- This site is optimized with the Yoast SEO plugin v27.5 - https:\/\/yoast.com\/product\/yoast-seo-wordpress\/ -->\n<title>Rossitza Hantelmann | Mallorca Diamond Real Estate S.L.U.<\/title>\n<meta name=\"description\" content=\"Rossitza Hantelmann, erfolgreiche Unternehmerin &amp; Luxusimmobilienmaklerin auf Mallorca.\" \/>\n<meta name=\"robots\" content=\"index, follow, max-snippet:-1, max-image-preview:large, max-video-preview:-1\" \/>\n<link rel=\"canonical\" href=\"https:\/\/rossitzahantelmann.com\/es\/rossitza-hantelmann\/\" \/>\n<meta property=\"og:locale\" content=\"es_ES\" \/>\n<meta property=\"og:type\" content=\"article\" \/>\n<meta property=\"og:title\" content=\"Rossitza Hantelmann | Mallorca Diamond Real Estate S.L.U.\" \/>\n<meta property=\"og:description\" content=\"Rossitza Hantelmann, erfolgreiche Unternehmerin &amp; Luxusimmobilienmaklerin auf Mallorca.\" \/>\n<meta property=\"og:url\" content=\"https:\/\/rossitzahantelmann.com\/es\/rossitza-hantelmann\/\" \/>\n<meta property=\"og:site_name\" content=\"Rossitza Hantelmann\" \/>\n<meta property=\"article:modified_time\" content=\"2026-01-28T12:20:06+00:00\" \/>\n<meta property=\"og:image\" content=\"https:\/\/rossitzahantelmann.com\/wp-content\/uploads\/1O1A2809-3-scaled.webp\" \/>\n\t<meta property=\"og:image:width\" content=\"2560\" \/>\n\t<meta property=\"og:image:height\" content=\"1708\" \/>\n\t<meta property=\"og:image:type\" content=\"image\/webp\" \/>\n<meta name=\"twitter:card\" content=\"summary_large_image\" \/>\n<meta name=\"twitter:label1\" content=\"Tiempo de lectura\" \/>\n\t<meta name=\"twitter:data1\" content=\"1 minuto\" \/>\n<script type=\"application\/ld+json\" class=\"yoast-schema-graph\">{\"@context\":\"https:\\\/\\\/schema.org\",\"@graph\":[{\"@type\":\"WebPage\",\"@id\":\"https:\\\/\\\/rossitzahantelmann.com\\\/rossitza-hantelmann\\\/\",\"url\":\"https:\\\/\\\/rossitzahantelmann.com\\\/rossitza-hantelmann\\\/\",\"name\":\"Rossitza Hantelmann | Mallorca Diamond Real Estate S.L.U.\",\"isPartOf\":{\"@id\":\"https:\\\/\\\/rossitzahantelmann.com\\\/#website\"},\"primaryImageOfPage\":{\"@id\":\"https:\\\/\\\/rossitzahantelmann.com\\\/rossitza-hantelmann\\\/#primaryimage\"},\"image\":{\"@id\":\"https:\\\/\\\/rossitzahantelmann.com\\\/rossitza-hantelmann\\\/#primaryimage\"},\"thumbnailUrl\":\"https:\\\/\\\/rossitzahantelmann.com\\\/wp-content\\\/uploads\\\/1O1A2809-3-scaled.webp\",\"datePublished\":\"2026-01-28T11:45:37+00:00\",\"dateModified\":\"2026-01-28T12:20:06+00:00\",\"description\":\"Rossitza Hantelmann, erfolgreiche Unternehmerin & Luxusimmobilienmaklerin auf Mallorca.\",\"breadcrumb\":{\"@id\":\"https:\\\/\\\/rossitzahantelmann.com\\\/rossitza-hantelmann\\\/#breadcrumb\"},\"inLanguage\":\"es\",\"potentialAction\":[{\"@type\":\"ReadAction\",\"target\":[\"https:\\\/\\\/rossitzahantelmann.com\\\/rossitza-hantelmann\\\/\"]}]},{\"@type\":\"ImageObject\",\"inLanguage\":\"es\",\"@id\":\"https:\\\/\\\/rossitzahantelmann.com\\\/rossitza-hantelmann\\\/#primaryimage\",\"url\":\"https:\\\/\\\/rossitzahantelmann.com\\\/wp-content\\\/uploads\\\/1O1A2809-3-scaled.webp\",\"contentUrl\":\"https:\\\/\\\/rossitzahantelmann.com\\\/wp-content\\\/uploads\\\/1O1A2809-3-scaled.webp\",\"width\":2560,\"height\":1708},{\"@type\":\"BreadcrumbList\",\"@id\":\"https:\\\/\\\/rossitzahantelmann.com\\\/rossitza-hantelmann\\\/#breadcrumb\",\"itemListElement\":[{\"@type\":\"ListItem\",\"position\":1,\"name\":\"START\",\"item\":\"https:\\\/\\\/rossitzahantelmann.com\\\/\"},{\"@type\":\"ListItem\",\"position\":2,\"name\":\"Rossitza Hantelmann\"}]},{\"@type\":\"WebSite\",\"@id\":\"https:\\\/\\\/rossitzahantelmann.com\\\/#website\",\"url\":\"https:\\\/\\\/rossitzahantelmann.com\\\/\",\"name\":\"Rossitza Hantelmann\",\"description\":\"Real Estate\",\"publisher\":{\"@id\":\"https:\\\/\\\/rossitzahantelmann.com\\\/#organization\"},\"potentialAction\":[{\"@type\":\"SearchAction\",\"target\":{\"@type\":\"EntryPoint\",\"urlTemplate\":\"https:\\\/\\\/rossitzahantelmann.com\\\/?s={search_term_string}\"},\"query-input\":{\"@type\":\"PropertyValueSpecification\",\"valueRequired\":true,\"valueName\":\"search_term_string\"}}],\"inLanguage\":\"es\"},{\"@type\":\"Organization\",\"@id\":\"https:\\\/\\\/rossitzahantelmann.com\\\/#organization\",\"name\":\"Rossitza Hantelmann\",\"url\":\"https:\\\/\\\/rossitzahantelmann.com\\\/\",\"logo\":{\"@type\":\"ImageObject\",\"inLanguage\":\"es\",\"@id\":\"https:\\\/\\\/rossitzahantelmann.com\\\/#\\\/schema\\\/logo\\\/image\\\/\",\"url\":\"\",\"contentUrl\":\"\",\"caption\":\"Rossitza Hantelmann\"},\"image\":{\"@id\":\"https:\\\/\\\/rossitzahantelmann.com\\\/#\\\/schema\\\/logo\\\/image\\\/\"}}]}<\/script>\n<!-- \/ Yoast SEO plugin. -->","yoast_head_json":{"title":"Rossitza Hantelmann | Mallorca Diamond Real Estate S.L.U.","description":"Rossitza Hantelmann, exitosa empresaria y agente inmobiliaria de lujo en Mallorca.","robots":{"index":"index","follow":"follow","max-snippet":"max-snippet:-1","max-image-preview":"max-image-preview:large","max-video-preview":"max-video-preview:-1"},"canonical":"https:\/\/rossitzahantelmann.com\/es\/rossitza-hantelmann\/","og_locale":"es_ES","og_type":"article","og_title":"Rossitza Hantelmann | Mallorca Diamond Real Estate S.L.U.","og_description":"Rossitza Hantelmann, erfolgreiche Unternehmerin & Luxusimmobilienmaklerin auf Mallorca.","og_url":"https:\/\/rossitzahantelmann.com\/es\/rossitza-hantelmann\/","og_site_name":"Rossitza Hantelmann","article_modified_time":"2026-01-28T12:20:06+00:00","og_image":[{"width":2560,"height":1708,"url":"https:\/\/rossitzahantelmann.com\/wp-content\/uploads\/1O1A2809-3-scaled.webp","type":"image\/webp"}],"twitter_card":"summary_large_image","twitter_misc":{"Tiempo de lectura":"1 minuto"},"schema":{"@context":"https:\/\/schema.org","@graph":[{"@type":"WebPage","@id":"https:\/\/rossitzahantelmann.com\/rossitza-hantelmann\/","url":"https:\/\/rossitzahantelmann.com\/rossitza-hantelmann\/","name":"Rossitza Hantelmann | Mallorca Diamond Real Estate S.L.U.","isPartOf":{"@id":"https:\/\/rossitzahantelmann.com\/#website"},"primaryImageOfPage":{"@id":"https:\/\/rossitzahantelmann.com\/rossitza-hantelmann\/#primaryimage"},"image":{"@id":"https:\/\/rossitzahantelmann.com\/rossitza-hantelmann\/#primaryimage"},"thumbnailUrl":"https:\/\/rossitzahantelmann.com\/wp-content\/uploads\/1O1A2809-3-scaled.webp","datePublished":"2026-01-28T11:45:37+00:00","dateModified":"2026-01-28T12:20:06+00:00","description":"Rossitza Hantelmann, exitosa empresaria y agente inmobiliaria de lujo en Mallorca.","breadcrumb":{"@id":"https:\/\/rossitzahantelmann.com\/rossitza-hantelmann\/#breadcrumb"},"inLanguage":"es","potentialAction":[{"@type":"ReadAction","target":["https:\/\/rossitzahantelmann.com\/rossitza-hantelmann\/"]}]},{"@type":"ImageObject","inLanguage":"es","@id":"https:\/\/rossitzahantelmann.com\/rossitza-hantelmann\/#primaryimage","url":"https:\/\/rossitzahantelmann.com\/wp-content\/uploads\/1O1A2809-3-scaled.webp","contentUrl":"https:\/\/rossitzahantelmann.com\/wp-content\/uploads\/1O1A2809-3-scaled.webp","width":2560,"height":1708},{"@type":"BreadcrumbList","@id":"https:\/\/rossitzahantelmann.com\/rossitza-hantelmann\/#breadcrumb","itemListElement":[{"@type":"ListItem","position":1,"name":"START","item":"https:\/\/rossitzahantelmann.com\/"},{"@type":"ListItem","position":2,"name":"Rossitza Hantelmann"}]},{"@type":"WebSite","@id":"https:\/\/rossitzahantelmann.com\/#website","url":"https:\/\/rossitzahantelmann.com\/","name":"Rossitza Hantelmann","description":"Bienes ra\u00edces","publisher":{"@id":"https:\/\/rossitzahantelmann.com\/#organization"},"potentialAction":[{"@type":"SearchAction","target":{"@type":"EntryPoint","urlTemplate":"https:\/\/rossitzahantelmann.com\/?s={search_term_string}"},"query-input":{"@type":"PropertyValueSpecification","valueRequired":true,"valueName":"search_term_string"}}],"inLanguage":"es"},{"@type":"Organization","@id":"https:\/\/rossitzahantelmann.com\/#organization","name":"Rossitza Hantelmann","url":"https:\/\/rossitzahantelmann.com\/","logo":{"@type":"ImageObject","inLanguage":"es","@id":"https:\/\/rossitzahantelmann.com\/#\/schema\/logo\/image\/","url":"","contentUrl":"","caption":"Rossitza Hantelmann"},"image":{"@id":"https:\/\/rossitzahantelmann.com\/#\/schema\/logo\/image\/"}}]}},"_links":{"self":[{"href":"https:\/\/rossitzahantelmann.com\/es\/wp-json\/wp\/v2\/pages\/11559","targetHints":{"allow":["GET"]}}],"collection":[{"href":"https:\/\/rossitzahantelmann.com\/es\/wp-json\/wp\/v2\/pages"}],"about":[{"href":"https:\/\/rossitzahantelmann.com\/es\/wp-json\/wp\/v2\/types\/page"}],"author":[{"embeddable":true,"href":"https:\/\/rossitzahantelmann.com\/es\/wp-json\/wp\/v2\/users\/5"}],"replies":[{"embeddable":true,"href":"https:\/\/rossitzahantelmann.com\/es\/wp-json\/wp\/v2\/comments?post=11559"}],"version-history":[{"count":10,"href":"https:\/\/rossitzahantelmann.com\/es\/wp-json\/wp\/v2\/pages\/11559\/revisions"}],"predecessor-version":[{"id":11610,"href":"https:\/\/rossitzahantelmann.com\/es\/wp-json\/wp\/v2\/pages\/11559\/revisions\/11610"}],"wp:featuredmedia":[{"embeddable":true,"href":"https:\/\/rossitzahantelmann.com\/es\/wp-json\/wp\/v2\/media\/11696"}],"wp:attachment":[{"href":"https:\/\/rossitzahantelmann.com\/es\/wp-json\/wp\/v2\/media?parent=11559"}],"wp:term":[{"taxonomy":"immobilienarten","embeddable":true,"href":"https:\/\/rossitzahantelmann.com\/es\/wp-json\/wp\/v2\/immobilienarten?post=11559"}],"curies":[{"name":"wp","href":"https:\/\/api.w.org\/{rel}","templated":true}]}}