{"id":8395,"date":"2026-01-21T13:59:27","date_gmt":"2026-01-21T12:59:27","guid":{"rendered":"https:\/\/rossitzahantelmann.com\/?page_id=8395"},"modified":"2026-01-23T11:05:06","modified_gmt":"2026-01-23T10:05:06","slug":"guardado","status":"publish","type":"page","link":"https:\/\/rossitzahantelmann.com\/es\/gespeichert\/","title":{"rendered":"Guardado"},"content":{"rendered":"<div data-elementor-type=\"wp-page\" data-elementor-id=\"8395\" class=\"elementor elementor-8395\" data-elementor-post-type=\"page\">\n\t\t\t\t<div class=\"elementor-element elementor-element-dee5e4c padlr padtbs e-flex e-con-boxed e-con e-parent\" data-id=\"dee5e4c\" data-element_type=\"container\" data-e-type=\"container\" data-settings=\"{&quot;background_background&quot;:&quot;classic&quot;}\">\n\t\t\t\t\t<div class=\"e-con-inner\">\n\t\t<div class=\"revealit elementor-element elementor-element-49312cb e-con-full animated-fast revealit e-flex e-con e-child\" data-id=\"49312cb\" data-element_type=\"container\" data-e-type=\"container\" data-settings=\"{&quot;animation&quot;:&quot;none&quot;}\">\n\t\t\t\t<div class=\"head-m elementor-element elementor-element-87458a2 head-m elementor-widget__width-initial elementor-widget elementor-widget-heading\" data-id=\"87458a2\" data-element_type=\"widget\" data-e-type=\"widget\" data-widget_type=\"heading.default\">\n\t\t\t\t\t<h1 class=\"elementor-heading-title elementor-size-default\">Lista de propiedades favoritas<\/h1>\t\t\t\t<\/div>\n\t\t\t\t<div class=\"elementor-element elementor-element-41863d1 elementor-widget-mobile__width-inherit elementor-widget__width-initial elementor-widget-tablet__width-inherit elementor-widget elementor-widget-text-editor\" data-id=\"41863d1\" data-element_type=\"widget\" data-e-type=\"widget\" data-widget_type=\"text-editor.default\">\n\t\t\t\t\t\t\t\t\t<p>\u00bfHa guardado propiedades como favoritas? Aqu\u00ed encontrar\u00e1 sus propiedades seleccionadas personalmente de un vistazo: de forma clara, discreta y siempre disponible. Compare detalles, revise ubicaciones y vuelva precisamente a las propiedades que cumplen con sus requisitos. Como su agente inmobiliario, le acompa\u00f1amos en la toma de la decisi\u00f3n correcta entre una selecci\u00f3n, de forma estructurada, transparente y adaptada a sus ideas.<\/p>\t\t\t\t\t\t\t\t<\/div>\n\t\t\t\t<div class=\"elementor-element elementor-element-6dd4bde elementor-widget elementor-widget-shortcode\" data-id=\"6dd4bde\" data-element_type=\"widget\" data-e-type=\"widget\" data-widget_type=\"shortcode.default\">\n\t\t\t\t\t\t\t<div class=\"elementor-shortcode\"><button class=\"simplefavorites-clear\" data-siteid=\"1\">Vaciar propiedades guardadas<\/button>\n<\/div>\n\t\t\t\t\t\t<\/div>\n\t\t\t\t<\/div>\n\t\t\t\t\t<\/div>\n\t\t\t\t<\/div>\n\t\t<div class=\"elementor-element elementor-element-7b1858c e-con-full e-flex e-con e-parent\" data-id=\"7b1858c\" data-element_type=\"container\" data-e-type=\"container\">\n\t\t<div class=\"elementor-element elementor-element-fd46ff4 search-results padlr e-flex e-con-boxed e-con e-child\" data-id=\"fd46ff4\" data-element_type=\"container\" data-e-type=\"container\">\n\t\t\t\t\t<div class=\"e-con-inner\">\n\t\t\t\t<div class=\"elementor-element elementor-element-c45f1ae elementor-widget elementor-widget-html\" data-id=\"c45f1ae\" data-element_type=\"widget\" data-e-type=\"widget\" data-widget_type=\"html.default\">\n\t\t\t\t\t<div class=\"favorites-loop-container\" role=\"list\">\n    <div class=\"favorites-list\" data-userid=\"\" data-siteid=\"1\" data-includebuttons=\"false\" data-includelinks=\"true\" data-includethumbnails=\"false\" data-includeexcerpts=\"false\" data-thumbnailsize=\"thumbnail\" data-nofavoritestext=\"Keine Immobilien gespeichert.\" data-posttypes=\"post,page,attachment,e-floating-buttons,elementor_library,magazin,ratgeber,immobilien\"><div data-postid=\"0\" data-nofavorites class=\"no-favorites\">Ninguna propiedad guardada.<\/div><\/div>\n    <\/div>\t\t\t\t<\/div>\n\t\t\t\t\t<\/div>\n\t\t\t\t<\/div>\n\t\t\t\t<\/div>\n\t\t\t\t<\/div>","protected":false},"excerpt":{"rendered":"<p>Immobilien Merkliste Sie haben Immobilien als Favoriten gespeichert? Hier finden Sie Ihre pers\u00f6nlich ausgew\u00e4hlten Objekte auf einen Blick \u2013 \u00fcbersichtlich, diskret und jederzeit verf\u00fcgbar. Vergleichen Sie Details, pr\u00fcfen Sie Lagen und kehren Sie genau zu den Immobilien zur\u00fcck, die Ihrem Anspruch entsprechen. Als Ihr Immobilienmakler begleiten wir Sie dabei, aus einer Auswahl die richtige Entscheidung [&hellip;]<\/p>\n","protected":false},"author":2,"featured_media":10590,"parent":0,"menu_order":0,"comment_status":"closed","ping_status":"closed","template":"","meta":{"_acf_changed":false,"footnotes":""},"immobilienarten":[],"class_list":["post-8395","page","type-page","status-publish","has-post-thumbnail","hentry"],"acf":[],"yoast_head":"<!-- This site is optimized with the Yoast SEO plugin v27.4 - https:\/\/yoast.com\/product\/yoast-seo-wordpress\/ -->\n<title>Gespeichert - Rossitza Hantelmann<\/title>\n<meta name=\"robots\" content=\"index, follow, max-snippet:-1, max-image-preview:large, max-video-preview:-1\" \/>\n<link rel=\"canonical\" href=\"https:\/\/rossitzahantelmann.com\/es\/guardado\/\" \/>\n<meta property=\"og:locale\" content=\"es_ES\" \/>\n<meta property=\"og:type\" content=\"article\" \/>\n<meta property=\"og:title\" content=\"Gespeichert - Rossitza Hantelmann\" \/>\n<meta property=\"og:description\" content=\"Immobilien Merkliste Sie haben Immobilien als Favoriten gespeichert? Hier finden Sie Ihre pers\u00f6nlich ausgew\u00e4hlten Objekte auf einen Blick \u2013 \u00fcbersichtlich, diskret und jederzeit verf\u00fcgbar. Vergleichen Sie Details, pr\u00fcfen Sie Lagen und kehren Sie genau zu den Immobilien zur\u00fcck, die Ihrem Anspruch entsprechen. Als Ihr Immobilienmakler begleiten wir Sie dabei, aus einer Auswahl die richtige Entscheidung [&hellip;]\" \/>\n<meta property=\"og:url\" content=\"https:\/\/rossitzahantelmann.com\/es\/guardado\/\" \/>\n<meta property=\"og:site_name\" content=\"Rossitza Hantelmann\" \/>\n<meta property=\"article:modified_time\" content=\"2026-01-23T10:05:06+00:00\" \/>\n<meta property=\"og:image\" content=\"https:\/\/rossitzahantelmann.com\/wp-content\/uploads\/Luxus-Finca-in-Port-Andratx-Palma-de-Mallorca-mit-51-HA-Grundstueckauf-fuer-12.9-Millionen-Euro047-1.jpg\" \/>\n\t<meta property=\"og:image:width\" content=\"1000\" \/>\n\t<meta property=\"og:image:height\" content=\"749\" \/>\n\t<meta property=\"og:image:type\" content=\"image\/jpeg\" \/>\n<meta name=\"twitter:card\" content=\"summary_large_image\" \/>\n<meta name=\"twitter:label1\" content=\"Est. reading time\" \/>\n\t<meta name=\"twitter:data1\" content=\"1 minuto\" \/>\n<script type=\"application\/ld+json\" class=\"yoast-schema-graph\">{\"@context\":\"https:\\\/\\\/schema.org\",\"@graph\":[{\"@type\":\"WebPage\",\"@id\":\"https:\\\/\\\/rossitzahantelmann.com\\\/gespeichert\\\/\",\"url\":\"https:\\\/\\\/rossitzahantelmann.com\\\/gespeichert\\\/\",\"name\":\"Gespeichert - Rossitza Hantelmann\",\"isPartOf\":{\"@id\":\"https:\\\/\\\/rossitzahantelmann.com\\\/#website\"},\"primaryImageOfPage\":{\"@id\":\"https:\\\/\\\/rossitzahantelmann.com\\\/gespeichert\\\/#primaryimage\"},\"image\":{\"@id\":\"https:\\\/\\\/rossitzahantelmann.com\\\/gespeichert\\\/#primaryimage\"},\"thumbnailUrl\":\"https:\\\/\\\/rossitzahantelmann.com\\\/wp-content\\\/uploads\\\/Luxus-Finca-in-Port-Andratx-Palma-de-Mallorca-mit-51-HA-Grundstueckauf-fuer-12.9-Millionen-Euro047-1.jpg\",\"datePublished\":\"2026-01-21T12:59:27+00:00\",\"dateModified\":\"2026-01-23T10:05:06+00:00\",\"breadcrumb\":{\"@id\":\"https:\\\/\\\/rossitzahantelmann.com\\\/gespeichert\\\/#breadcrumb\"},\"inLanguage\":\"es\",\"potentialAction\":[{\"@type\":\"ReadAction\",\"target\":[\"https:\\\/\\\/rossitzahantelmann.com\\\/gespeichert\\\/\"]}]},{\"@type\":\"ImageObject\",\"inLanguage\":\"es\",\"@id\":\"https:\\\/\\\/rossitzahantelmann.com\\\/gespeichert\\\/#primaryimage\",\"url\":\"https:\\\/\\\/rossitzahantelmann.com\\\/wp-content\\\/uploads\\\/Luxus-Finca-in-Port-Andratx-Palma-de-Mallorca-mit-51-HA-Grundstueckauf-fuer-12.9-Millionen-Euro047-1.jpg\",\"contentUrl\":\"https:\\\/\\\/rossitzahantelmann.com\\\/wp-content\\\/uploads\\\/Luxus-Finca-in-Port-Andratx-Palma-de-Mallorca-mit-51-HA-Grundstueckauf-fuer-12.9-Millionen-Euro047-1.jpg\",\"width\":1000,\"height\":749},{\"@type\":\"BreadcrumbList\",\"@id\":\"https:\\\/\\\/rossitzahantelmann.com\\\/gespeichert\\\/#breadcrumb\",\"itemListElement\":[{\"@type\":\"ListItem\",\"position\":1,\"name\":\"START\",\"item\":\"https:\\\/\\\/rossitzahantelmann.com\\\/\"},{\"@type\":\"ListItem\",\"position\":2,\"name\":\"Gespeichert\"}]},{\"@type\":\"WebSite\",\"@id\":\"https:\\\/\\\/rossitzahantelmann.com\\\/#website\",\"url\":\"https:\\\/\\\/rossitzahantelmann.com\\\/\",\"name\":\"Rossitza Hantelmann\",\"description\":\"Real Estate\",\"publisher\":{\"@id\":\"https:\\\/\\\/rossitzahantelmann.com\\\/#organization\"},\"potentialAction\":[{\"@type\":\"SearchAction\",\"target\":{\"@type\":\"EntryPoint\",\"urlTemplate\":\"https:\\\/\\\/rossitzahantelmann.com\\\/?s={search_term_string}\"},\"query-input\":{\"@type\":\"PropertyValueSpecification\",\"valueRequired\":true,\"valueName\":\"search_term_string\"}}],\"inLanguage\":\"es\"},{\"@type\":\"Organization\",\"@id\":\"https:\\\/\\\/rossitzahantelmann.com\\\/#organization\",\"name\":\"Rossitza Hantelmann\",\"url\":\"https:\\\/\\\/rossitzahantelmann.com\\\/\",\"logo\":{\"@type\":\"ImageObject\",\"inLanguage\":\"es\",\"@id\":\"https:\\\/\\\/rossitzahantelmann.com\\\/#\\\/schema\\\/logo\\\/image\\\/\",\"url\":\"\",\"contentUrl\":\"\",\"caption\":\"Rossitza Hantelmann\"},\"image\":{\"@id\":\"https:\\\/\\\/rossitzahantelmann.com\\\/#\\\/schema\\\/logo\\\/image\\\/\"}}]}<\/script>\n<!-- \/ Yoast SEO plugin. -->","yoast_head_json":{"title":"Guardado - Rossitza Hantelmann","robots":{"index":"index","follow":"follow","max-snippet":"max-snippet:-1","max-image-preview":"max-image-preview:large","max-video-preview":"max-video-preview:-1"},"canonical":"https:\/\/rossitzahantelmann.com\/es\/guardado\/","og_locale":"es_ES","og_type":"article","og_title":"Gespeichert - Rossitza Hantelmann","og_description":"Immobilien Merkliste Sie haben Immobilien als Favoriten gespeichert? Hier finden Sie Ihre pers\u00f6nlich ausgew\u00e4hlten Objekte auf einen Blick \u2013 \u00fcbersichtlich, diskret und jederzeit verf\u00fcgbar. Vergleichen Sie Details, pr\u00fcfen Sie Lagen und kehren Sie genau zu den Immobilien zur\u00fcck, die Ihrem Anspruch entsprechen. Als Ihr Immobilienmakler begleiten wir Sie dabei, aus einer Auswahl die richtige Entscheidung [&hellip;]","og_url":"https:\/\/rossitzahantelmann.com\/es\/guardado\/","og_site_name":"Rossitza Hantelmann","article_modified_time":"2026-01-23T10:05:06+00:00","og_image":[{"width":1000,"height":749,"url":"https:\/\/rossitzahantelmann.com\/wp-content\/uploads\/Luxus-Finca-in-Port-Andratx-Palma-de-Mallorca-mit-51-HA-Grundstueckauf-fuer-12.9-Millionen-Euro047-1.jpg","type":"image\/jpeg"}],"twitter_card":"summary_large_image","twitter_misc":{"Est. reading time":"1 minuto"},"schema":{"@context":"https:\/\/schema.org","@graph":[{"@type":"WebPage","@id":"https:\/\/rossitzahantelmann.com\/gespeichert\/","url":"https:\/\/rossitzahantelmann.com\/gespeichert\/","name":"Guardado - Rossitza Hantelmann","isPartOf":{"@id":"https:\/\/rossitzahantelmann.com\/#website"},"primaryImageOfPage":{"@id":"https:\/\/rossitzahantelmann.com\/gespeichert\/#primaryimage"},"image":{"@id":"https:\/\/rossitzahantelmann.com\/gespeichert\/#primaryimage"},"thumbnailUrl":"https:\/\/rossitzahantelmann.com\/wp-content\/uploads\/Luxus-Finca-in-Port-Andratx-Palma-de-Mallorca-mit-51-HA-Grundstueckauf-fuer-12.9-Millionen-Euro047-1.jpg","datePublished":"2026-01-21T12:59:27+00:00","dateModified":"2026-01-23T10:05:06+00:00","breadcrumb":{"@id":"https:\/\/rossitzahantelmann.com\/gespeichert\/#breadcrumb"},"inLanguage":"es","potentialAction":[{"@type":"ReadAction","target":["https:\/\/rossitzahantelmann.com\/gespeichert\/"]}]},{"@type":"ImageObject","inLanguage":"es","@id":"https:\/\/rossitzahantelmann.com\/gespeichert\/#primaryimage","url":"https:\/\/rossitzahantelmann.com\/wp-content\/uploads\/Luxus-Finca-in-Port-Andratx-Palma-de-Mallorca-mit-51-HA-Grundstueckauf-fuer-12.9-Millionen-Euro047-1.jpg","contentUrl":"https:\/\/rossitzahantelmann.com\/wp-content\/uploads\/Luxus-Finca-in-Port-Andratx-Palma-de-Mallorca-mit-51-HA-Grundstueckauf-fuer-12.9-Millionen-Euro047-1.jpg","width":1000,"height":749},{"@type":"BreadcrumbList","@id":"https:\/\/rossitzahantelmann.com\/gespeichert\/#breadcrumb","itemListElement":[{"@type":"ListItem","position":1,"name":"START","item":"https:\/\/rossitzahantelmann.com\/"},{"@type":"ListItem","position":2,"name":"Gespeichert"}]},{"@type":"WebSite","@id":"https:\/\/rossitzahantelmann.com\/#website","url":"https:\/\/rossitzahantelmann.com\/","name":"Rossitza Hantelmann","description":"Bienes ra\u00edces","publisher":{"@id":"https:\/\/rossitzahantelmann.com\/#organization"},"potentialAction":[{"@type":"SearchAction","target":{"@type":"EntryPoint","urlTemplate":"https:\/\/rossitzahantelmann.com\/?s={search_term_string}"},"query-input":{"@type":"PropertyValueSpecification","valueRequired":true,"valueName":"search_term_string"}}],"inLanguage":"es"},{"@type":"Organization","@id":"https:\/\/rossitzahantelmann.com\/#organization","name":"Rossitza Hantelmann","url":"https:\/\/rossitzahantelmann.com\/","logo":{"@type":"ImageObject","inLanguage":"es","@id":"https:\/\/rossitzahantelmann.com\/#\/schema\/logo\/image\/","url":"","contentUrl":"","caption":"Rossitza Hantelmann"},"image":{"@id":"https:\/\/rossitzahantelmann.com\/#\/schema\/logo\/image\/"}}]}},"_links":{"self":[{"href":"https:\/\/rossitzahantelmann.com\/es\/wp-json\/wp\/v2\/pages\/8395","targetHints":{"allow":["GET"]}}],"collection":[{"href":"https:\/\/rossitzahantelmann.com\/es\/wp-json\/wp\/v2\/pages"}],"about":[{"href":"https:\/\/rossitzahantelmann.com\/es\/wp-json\/wp\/v2\/types\/page"}],"author":[{"embeddable":true,"href":"https:\/\/rossitzahantelmann.com\/es\/wp-json\/wp\/v2\/users\/2"}],"replies":[{"embeddable":true,"href":"https:\/\/rossitzahantelmann.com\/es\/wp-json\/wp\/v2\/comments?post=8395"}],"version-history":[{"count":10,"href":"https:\/\/rossitzahantelmann.com\/es\/wp-json\/wp\/v2\/pages\/8395\/revisions"}],"predecessor-version":[{"id":8879,"href":"https:\/\/rossitzahantelmann.com\/es\/wp-json\/wp\/v2\/pages\/8395\/revisions\/8879"}],"wp:featuredmedia":[{"embeddable":true,"href":"https:\/\/rossitzahantelmann.com\/es\/wp-json\/wp\/v2\/media\/10590"}],"wp:attachment":[{"href":"https:\/\/rossitzahantelmann.com\/es\/wp-json\/wp\/v2\/media?parent=8395"}],"wp:term":[{"taxonomy":"immobilienarten","embeddable":true,"href":"https:\/\/rossitzahantelmann.com\/es\/wp-json\/wp\/v2\/immobilienarten?post=8395"}],"curies":[{"name":"wp","href":"https:\/\/api.w.org\/{rel}","templated":true}]}}