{"id":8880,"date":"2026-01-23T11:06:48","date_gmt":"2026-01-23T10:06:48","guid":{"rendered":"https:\/\/rossitzahantelmann.com\/?page_id=8880"},"modified":"2026-02-18T08:54:36","modified_gmt":"2026-02-18T07:54:36","slug":"aviso-legal","status":"publish","type":"page","link":"https:\/\/rossitzahantelmann.com\/es\/impressum\/","title":{"rendered":"Aviso legal"},"content":{"rendered":"<div data-elementor-type=\"wp-page\" data-elementor-id=\"8880\" class=\"elementor elementor-8880\" data-elementor-post-type=\"page\">\n\t\t\t\t<div class=\"elementor-element elementor-element-6990a54 lp-first padlr padtbs e-flex e-con-boxed e-con e-parent\" data-id=\"6990a54\" data-element_type=\"container\" data-e-type=\"container\" data-settings=\"{&quot;background_background&quot;:&quot;classic&quot;}\">\n\t\t\t\t\t<div class=\"e-con-inner\">\n\t\t<div class=\"revealit elementor-element elementor-element-dd2ea7c e-con-full animated-fast revealit e-flex e-con e-child\" data-id=\"dd2ea7c\" data-element_type=\"container\" data-e-type=\"container\" data-settings=\"{&quot;animation&quot;:&quot;none&quot;}\">\n\t\t\t\t<div class=\"head-m elementor-element elementor-element-b8e6636 head-m elementor-widget__width-inherit elementor-widget elementor-widget-heading\" data-id=\"b8e6636\" data-element_type=\"widget\" data-e-type=\"widget\" data-widget_type=\"heading.default\">\n\t\t\t\t\t<h1 class=\"elementor-heading-title elementor-size-default\">Aviso legal<\/h1>\t\t\t\t<\/div>\n\t\t\t\t<\/div>\n\t\t\t\t\t<\/div>\n\t\t\t\t<\/div>\n\t\t<div class=\"padtbs elementor-element elementor-element-6560cb9 padlr padtbs e-flex e-con-boxed e-con e-parent\" data-id=\"6560cb9\" data-element_type=\"container\" data-e-type=\"container\" data-settings=\"{&quot;background_background&quot;:&quot;classic&quot;}\">\n\t\t\t\t\t<div class=\"e-con-inner\">\n\t\t<div class=\"elementor-element elementor-element-7e0ce9e e-con-full e-flex e-con e-child\" data-id=\"7e0ce9e\" data-element_type=\"container\" data-e-type=\"container\">\n\t\t\t\t<div class=\"elementor-element elementor-element-254e807 bodyfont elementor-widget elementor-widget-text-editor\" data-id=\"254e807\" data-element_type=\"widget\" data-e-type=\"widget\" data-widget_type=\"text-editor.default\">\n\t\t\t\t\t\t\t\t\t<section><div><div><div><div><div><div><div><p><strong>Inmobiliaria Rossitza Hantelmann S.L.U.<\/strong><br \/>Fundadora y directora ejecutiva<\/p><p>Rossitza Hantelmann<\/p><p>Plaza de Espa\u00f1a 11,<br \/>07002 Palma<\/p><p>Islas Baleares<\/p><p>Tel. +34 6514 80 800<br \/>Correo electr\u00f3nico\u00a0<a href=\"mailto:info@rossitzahantelmann.com\">info@rossitzahantelmann.com<\/a><\/p><p>NIF ES \u2013 B72745920<br \/>Hacienda Palma de Mallorca<\/p><p><strong>Derechos de propiedad intelectual e industrial<\/strong><\/p><p>Todos los contenidos del sitio web (incluyendo, pero no limit\u00e1ndose a marcas, nombres de empresas, im\u00e1genes, logotipos y la presentaci\u00f3n general del sitio web y sus contenidos) est\u00e1n sujetos a la propiedad intelectual o industrial de Mallorca Rossitza Hantelmann Estate S.L.U. o de terceros y est\u00e1n protegidos por derechos de autor. El simple acceso al sitio web de Rossitza Hantelmann Real Estate S.L.U. no implica en ning\u00fan caso que Rossitza Hantelmann Real Estate S.L.U. conceda derechos, autorizaci\u00f3n o licencias sobre dicho contenido, renuncie, transmita o ceda, total o parcialmente, estos contenidos (incluidos, entre otros, los derechos de reproducci\u00f3n, distribuci\u00f3n y comunicaci\u00f3n p\u00fablica).<\/p><p>Se proh\u00edbe cualquier duplicaci\u00f3n de datos e informaci\u00f3n, en particular el uso, incluso parcial, de textos, material de imagen, v\u00eddeos y aplicaciones de software, y requiere el consentimiento previo por escrito de Rossitza Hantelmann Real Estate S.L.U.<\/p><p><strong>Exclusi\u00f3n y limitaci\u00f3n de responsabilidad<\/strong><\/p><p>Todas las diferentes clases de contenidos en el sitio web accesibles al p\u00fablico en general proporcionan acceso a la informaci\u00f3n, productos y servicios proporcionados u ofrecidos por Rossitza Hantelmann Real Estate S.L.U. Estos contenidos son proporcionados de buena fe por Rossitza Hantelmann Real Estate S.L.U. con informaci\u00f3n que proviene ocasionalmente de fuentes externas. Por esta raz\u00f3n, Rossitza Hantelmann Real Estate S.L.U. no puede garantizar la fiabilidad, veracidad, completitud y actualidad de los contenidos. Por lo tanto, Rossitza Hantelmann Real Estate S.L.U. no asume ninguna responsabilidad por da\u00f1os y perjuicios, y excluye toda responsabilidad por da\u00f1os y perjuicios sufridos, ya sea directa o indirectamente, como resultado de la informaci\u00f3n a la que se accede a trav\u00e9s del sitio web.\u00a0<span style=\"font-size: 15px; letter-spacing: 0px;\">Rossitza Hantelmann<\/span><span style=\"font-size: 15px; letter-spacing: 0px;\">\u00a0Real Estate S.L.U. no asume ninguna responsabilidad por la idoneidad de los contenidos de este sitio web para el uso privado. Por lo tanto, tanto el acceso al sitio web como el uso de la informaci\u00f3n y los contenidos que contiene son responsabilidad exclusiva de la persona que accede y utiliza dicho sitio web, y Rossitza Hantelmann Real Estate S.L.U. no ser\u00e1 en ning\u00fan caso responsable de los posibles da\u00f1os que pudieran derivarse del uso de la informaci\u00f3n y los contenidos accesibles en el sitio web.\u00a0<\/span>Rossitza Hantelmann<span style=\"font-size: 15px; letter-spacing: 0px;\">\u00a0Real Estate S.L.U. tampoco ser\u00e1 en ning\u00fan caso responsable de los productos o servicios que sean proporcionados u ofrecidos por terceros u otras organizaciones, ni de los contenidos, informaciones, comunicaciones o declaraciones de cualquier tipo que provengan o sean manifestados por terceros y a los que se pueda acceder a trav\u00e9s de la p\u00e1gina web.\u00a0<\/span><span style=\"font-size: 15px; letter-spacing: 0px;\">Rossitza Hantelmann<\/span><span style=\"font-size: 15px; letter-spacing: 0px;\">\u00a0Real Estate S.L.U. no se hace responsable de la exactitud de la informaci\u00f3n y el contenido de las p\u00e1ginas de Internet a las que se accede mediante un enlace desde las p\u00e1ginas de\u00a0<\/span>Rossitza Hantelmann<span style=\"font-size: 15px; letter-spacing: 0px;\">\u00a0se hace referencia a Real Estate S.L.U.<\/span><\/p><p><strong>Jurisdicci\u00f3n y ley aplicable.<\/strong><\/p><p>Los t\u00e9rminos de uso se rigen por la ley espa\u00f1ola. Los servicios ofrecidos en el sitio web tambi\u00e9n se rigen por la ley espa\u00f1ola.<\/p><p><span style=\"font-size: 15px; letter-spacing: 0px;\">Rossitza Hantelmann<\/span>\u00a0Real Estate S.L.U. no tiene control alguno sobre qui\u00e9n o qu\u00e9 accede a su sitio web y d\u00f3nde podr\u00edan encontrarse. A pesar de ello, las partes acuerdan que, en caso de cualquier disputa o reclamaci\u00f3n relacionada con el sitio web o cualquiera de los servicios ofrecidos en el mismo, se someten a la jurisdicci\u00f3n exclusiva de la ciudad de Palma de Mallorca (Espa\u00f1a).<\/p><p><strong>Cr\u00e9ditos de la imagen:<\/strong><\/p><div data-testid=\"asset-contributor\">istockphoto.com<br \/><a href=\"https:\/\/www.istockphoto.com\/de\/portfolio\/Winters?mediatype=photography\" data-testid=\"photographer\">Cr\u00e9dito de la imagen: Alex<\/a><\/div><div data-testid=\"asset-id\">Identificaci\u00f3n de foto de stock: 913280838<\/div><div data-testid=\"asset-id\">\u00a0<\/div><div data-testid=\"asset-id\">Licencias de im\u00e1genes: En este sitio web se utilizan im\u00e1genes de las agencias de im\u00e1genes www.istockphoto.com\/de. Las licencias correspondientes est\u00e1n disponibles bajo solicitud. Todas las im\u00e1genes utilizadas est\u00e1n sujetas a las condiciones legales de licencia de los respectivos proveedores de bases de datos fotogr\u00e1ficas.<\/div><div data-testid=\"asset-id\"><p>istockphoto.com<\/p><div data-testid=\"asset-contributor\"><a href=\"https:\/\/www.istockphoto.com\/de\/portfolio\/mvaligursky?mediatype=photography\" data-testid=\"photographer\">Cr\u00e9dito de la imagen: mvaligursky<\/a><\/div><div data-testid=\"asset-id\">ID de foto de stock:1279492713<\/div><\/div><\/div><\/div><\/div><\/div><\/div><\/div><\/div><\/section><section><div><div><div><div><div><div><div><p>Ver aqu\u00ed el formulario de quejas:<\/p><p><a href=\"https:\/\/rossitzahantelmann.com\/wp-content\/uploads\/2024\/05\/Hoja-reclamaciones-autorrellenable-octubre23.pdf\" target=\"_blank\" rel=\"noopener\">Hoja-reclamaciones-autorrellenable-octubre23<\/a><\/p><\/div><\/div><\/div><\/div><\/div><\/div><\/div><\/section>\t\t\t\t\t\t\t\t<\/div>\n\t\t\t\t<\/div>\n\t\t\t\t\t<\/div>\n\t\t\t\t<\/div>\n\t\t\t\t<\/div>","protected":false},"excerpt":{"rendered":"<p>Impressum Rossitza Hantelmann Real Estate S.L.U.Gr\u00fcnderin und Gesch\u00e4ftsf\u00fchrerin: Rossitza Hantelmann Pla\u00e7a Espa\u00f1a 11,07002 Palma Isles Baleares Tel. +34 6514 80 800Email:\u00a0info@rossitzahantelmann.com USt-Nr. ES \u2013 N.I.F. B72745920Finanzamt Palma de Mallorca Rechte an geistigem und gewerblichem Eigentum S\u00e4mtliche Inhalte der Website (einschlie\u00dflich, aber nicht beschr\u00e4nkt auf Marken, Firmennamen, Bilder, Logos und die allgemeine Darstellung der Website und [&hellip;]<\/p>\n","protected":false},"author":3,"featured_media":4940,"parent":0,"menu_order":0,"comment_status":"closed","ping_status":"closed","template":"","meta":{"_acf_changed":false,"footnotes":""},"immobilienarten":[],"class_list":["post-8880","page","type-page","status-publish","has-post-thumbnail","hentry"],"acf":[],"yoast_head":"<!-- This site is optimized with the Yoast SEO plugin v27.5 - https:\/\/yoast.com\/product\/yoast-seo-wordpress\/ -->\n<title>Impressum - Rossitza Hantelmann<\/title>\n<meta name=\"robots\" content=\"index, follow, max-snippet:-1, max-image-preview:large, max-video-preview:-1\" \/>\n<link rel=\"canonical\" href=\"https:\/\/rossitzahantelmann.com\/es\/aviso-legal\/\" \/>\n<meta property=\"og:locale\" content=\"es_ES\" \/>\n<meta property=\"og:type\" content=\"article\" \/>\n<meta property=\"og:title\" content=\"Impressum - Rossitza Hantelmann\" \/>\n<meta property=\"og:description\" content=\"Impressum Rossitza Hantelmann Real Estate S.L.U.Gr\u00fcnderin und Gesch\u00e4ftsf\u00fchrerin: Rossitza Hantelmann Pla\u00e7a Espa\u00f1a 11,07002 Palma Isles Baleares Tel. +34 6514 80 800Email:\u00a0info@rossitzahantelmann.com USt-Nr. ES \u2013 N.I.F. B72745920Finanzamt Palma de Mallorca Rechte an geistigem und gewerblichem Eigentum S\u00e4mtliche Inhalte der Website (einschlie\u00dflich, aber nicht beschr\u00e4nkt auf Marken, Firmennamen, Bilder, Logos und die allgemeine Darstellung der Website und [&hellip;]\" \/>\n<meta property=\"og:url\" content=\"https:\/\/rossitzahantelmann.com\/es\/aviso-legal\/\" \/>\n<meta property=\"og:site_name\" content=\"Rossitza Hantelmann\" \/>\n<meta property=\"article:modified_time\" content=\"2026-02-18T07:54:36+00:00\" \/>\n<meta name=\"twitter:card\" content=\"summary_large_image\" \/>\n<meta name=\"twitter:label1\" content=\"Tiempo de lectura\" \/>\n\t<meta name=\"twitter:data1\" content=\"4 minutos\" \/>\n<script type=\"application\/ld+json\" class=\"yoast-schema-graph\">{\"@context\":\"https:\\\/\\\/schema.org\",\"@graph\":[{\"@type\":\"WebPage\",\"@id\":\"https:\\\/\\\/rossitzahantelmann.com\\\/impressum\\\/\",\"url\":\"https:\\\/\\\/rossitzahantelmann.com\\\/impressum\\\/\",\"name\":\"Impressum - Rossitza Hantelmann\",\"isPartOf\":{\"@id\":\"https:\\\/\\\/rossitzahantelmann.com\\\/#website\"},\"primaryImageOfPage\":{\"@id\":\"https:\\\/\\\/rossitzahantelmann.com\\\/impressum\\\/#primaryimage\"},\"image\":{\"@id\":\"https:\\\/\\\/rossitzahantelmann.com\\\/impressum\\\/#primaryimage\"},\"thumbnailUrl\":\"https:\\\/\\\/rossitzahantelmann.com\\\/wp-content\\\/uploads\\\/Bildschirmfoto-2025-03-22-um-16.18.11.avif\",\"datePublished\":\"2026-01-23T10:06:48+00:00\",\"dateModified\":\"2026-02-18T07:54:36+00:00\",\"breadcrumb\":{\"@id\":\"https:\\\/\\\/rossitzahantelmann.com\\\/impressum\\\/#breadcrumb\"},\"inLanguage\":\"es\",\"potentialAction\":[{\"@type\":\"ReadAction\",\"target\":[\"https:\\\/\\\/rossitzahantelmann.com\\\/impressum\\\/\"]}]},{\"@type\":\"ImageObject\",\"inLanguage\":\"es\",\"@id\":\"https:\\\/\\\/rossitzahantelmann.com\\\/impressum\\\/#primaryimage\",\"url\":\"https:\\\/\\\/rossitzahantelmann.com\\\/wp-content\\\/uploads\\\/Bildschirmfoto-2025-03-22-um-16.18.11.avif\",\"contentUrl\":\"https:\\\/\\\/rossitzahantelmann.com\\\/wp-content\\\/uploads\\\/Bildschirmfoto-2025-03-22-um-16.18.11.avif\",\"width\":1962,\"height\":1462},{\"@type\":\"BreadcrumbList\",\"@id\":\"https:\\\/\\\/rossitzahantelmann.com\\\/impressum\\\/#breadcrumb\",\"itemListElement\":[{\"@type\":\"ListItem\",\"position\":1,\"name\":\"START\",\"item\":\"https:\\\/\\\/rossitzahantelmann.com\\\/\"},{\"@type\":\"ListItem\",\"position\":2,\"name\":\"Impressum\"}]},{\"@type\":\"WebSite\",\"@id\":\"https:\\\/\\\/rossitzahantelmann.com\\\/#website\",\"url\":\"https:\\\/\\\/rossitzahantelmann.com\\\/\",\"name\":\"Rossitza Hantelmann\",\"description\":\"Real Estate\",\"publisher\":{\"@id\":\"https:\\\/\\\/rossitzahantelmann.com\\\/#organization\"},\"potentialAction\":[{\"@type\":\"SearchAction\",\"target\":{\"@type\":\"EntryPoint\",\"urlTemplate\":\"https:\\\/\\\/rossitzahantelmann.com\\\/?s={search_term_string}\"},\"query-input\":{\"@type\":\"PropertyValueSpecification\",\"valueRequired\":true,\"valueName\":\"search_term_string\"}}],\"inLanguage\":\"es\"},{\"@type\":\"Organization\",\"@id\":\"https:\\\/\\\/rossitzahantelmann.com\\\/#organization\",\"name\":\"Rossitza Hantelmann\",\"url\":\"https:\\\/\\\/rossitzahantelmann.com\\\/\",\"logo\":{\"@type\":\"ImageObject\",\"inLanguage\":\"es\",\"@id\":\"https:\\\/\\\/rossitzahantelmann.com\\\/#\\\/schema\\\/logo\\\/image\\\/\",\"url\":\"\",\"contentUrl\":\"\",\"caption\":\"Rossitza Hantelmann\"},\"image\":{\"@id\":\"https:\\\/\\\/rossitzahantelmann.com\\\/#\\\/schema\\\/logo\\\/image\\\/\"}}]}<\/script>\n<!-- \/ Yoast SEO plugin. -->","yoast_head_json":{"title":"Pie de imprenta - Rossitza Hantelmann","robots":{"index":"index","follow":"follow","max-snippet":"max-snippet:-1","max-image-preview":"max-image-preview:large","max-video-preview":"max-video-preview:-1"},"canonical":"https:\/\/rossitzahantelmann.com\/es\/aviso-legal\/","og_locale":"es_ES","og_type":"article","og_title":"Impressum - Rossitza Hantelmann","og_description":"Impressum Rossitza Hantelmann Real Estate S.L.U.Gr\u00fcnderin und Gesch\u00e4ftsf\u00fchrerin: Rossitza Hantelmann Pla\u00e7a Espa\u00f1a 11,07002 Palma Isles Baleares Tel. +34 6514 80 800Email:\u00a0info@rossitzahantelmann.com USt-Nr. ES \u2013 N.I.F. B72745920Finanzamt Palma de Mallorca Rechte an geistigem und gewerblichem Eigentum S\u00e4mtliche Inhalte der Website (einschlie\u00dflich, aber nicht beschr\u00e4nkt auf Marken, Firmennamen, Bilder, Logos und die allgemeine Darstellung der Website und [&hellip;]","og_url":"https:\/\/rossitzahantelmann.com\/es\/aviso-legal\/","og_site_name":"Rossitza Hantelmann","article_modified_time":"2026-02-18T07:54:36+00:00","twitter_card":"summary_large_image","twitter_misc":{"Tiempo de lectura":"4 minutos"},"schema":{"@context":"https:\/\/schema.org","@graph":[{"@type":"WebPage","@id":"https:\/\/rossitzahantelmann.com\/impressum\/","url":"https:\/\/rossitzahantelmann.com\/impressum\/","name":"Pie de imprenta - Rossitza Hantelmann","isPartOf":{"@id":"https:\/\/rossitzahantelmann.com\/#website"},"primaryImageOfPage":{"@id":"https:\/\/rossitzahantelmann.com\/impressum\/#primaryimage"},"image":{"@id":"https:\/\/rossitzahantelmann.com\/impressum\/#primaryimage"},"thumbnailUrl":"https:\/\/rossitzahantelmann.com\/wp-content\/uploads\/Bildschirmfoto-2025-03-22-um-16.18.11.avif","datePublished":"2026-01-23T10:06:48+00:00","dateModified":"2026-02-18T07:54:36+00:00","breadcrumb":{"@id":"https:\/\/rossitzahantelmann.com\/impressum\/#breadcrumb"},"inLanguage":"es","potentialAction":[{"@type":"ReadAction","target":["https:\/\/rossitzahantelmann.com\/impressum\/"]}]},{"@type":"ImageObject","inLanguage":"es","@id":"https:\/\/rossitzahantelmann.com\/impressum\/#primaryimage","url":"https:\/\/rossitzahantelmann.com\/wp-content\/uploads\/Bildschirmfoto-2025-03-22-um-16.18.11.avif","contentUrl":"https:\/\/rossitzahantelmann.com\/wp-content\/uploads\/Bildschirmfoto-2025-03-22-um-16.18.11.avif","width":1962,"height":1462},{"@type":"BreadcrumbList","@id":"https:\/\/rossitzahantelmann.com\/impressum\/#breadcrumb","itemListElement":[{"@type":"ListItem","position":1,"name":"START","item":"https:\/\/rossitzahantelmann.com\/"},{"@type":"ListItem","position":2,"name":"Impressum"}]},{"@type":"WebSite","@id":"https:\/\/rossitzahantelmann.com\/#website","url":"https:\/\/rossitzahantelmann.com\/","name":"Rossitza Hantelmann","description":"Bienes ra\u00edces","publisher":{"@id":"https:\/\/rossitzahantelmann.com\/#organization"},"potentialAction":[{"@type":"SearchAction","target":{"@type":"EntryPoint","urlTemplate":"https:\/\/rossitzahantelmann.com\/?s={search_term_string}"},"query-input":{"@type":"PropertyValueSpecification","valueRequired":true,"valueName":"search_term_string"}}],"inLanguage":"es"},{"@type":"Organization","@id":"https:\/\/rossitzahantelmann.com\/#organization","name":"Rossitza Hantelmann","url":"https:\/\/rossitzahantelmann.com\/","logo":{"@type":"ImageObject","inLanguage":"es","@id":"https:\/\/rossitzahantelmann.com\/#\/schema\/logo\/image\/","url":"","contentUrl":"","caption":"Rossitza Hantelmann"},"image":{"@id":"https:\/\/rossitzahantelmann.com\/#\/schema\/logo\/image\/"}}]}},"_links":{"self":[{"href":"https:\/\/rossitzahantelmann.com\/es\/wp-json\/wp\/v2\/pages\/8880","targetHints":{"allow":["GET"]}}],"collection":[{"href":"https:\/\/rossitzahantelmann.com\/es\/wp-json\/wp\/v2\/pages"}],"about":[{"href":"https:\/\/rossitzahantelmann.com\/es\/wp-json\/wp\/v2\/types\/page"}],"author":[{"embeddable":true,"href":"https:\/\/rossitzahantelmann.com\/es\/wp-json\/wp\/v2\/users\/3"}],"replies":[{"embeddable":true,"href":"https:\/\/rossitzahantelmann.com\/es\/wp-json\/wp\/v2\/comments?post=8880"}],"version-history":[{"count":16,"href":"https:\/\/rossitzahantelmann.com\/es\/wp-json\/wp\/v2\/pages\/8880\/revisions"}],"predecessor-version":[{"id":13169,"href":"https:\/\/rossitzahantelmann.com\/es\/wp-json\/wp\/v2\/pages\/8880\/revisions\/13169"}],"wp:featuredmedia":[{"embeddable":true,"href":"https:\/\/rossitzahantelmann.com\/es\/wp-json\/wp\/v2\/media\/4940"}],"wp:attachment":[{"href":"https:\/\/rossitzahantelmann.com\/es\/wp-json\/wp\/v2\/media?parent=8880"}],"wp:term":[{"taxonomy":"immobilienarten","embeddable":true,"href":"https:\/\/rossitzahantelmann.com\/es\/wp-json\/wp\/v2\/immobilienarten?post=8880"}],"curies":[{"name":"wp","href":"https:\/\/api.w.org\/{rel}","templated":true}]}}